{"id":989,"date":"2016-10-13T11:39:32","date_gmt":"2016-10-13T11:39:32","guid":{"rendered":"https:\/\/erlendir.akmennt.is\/?page_id=989"},"modified":"2020-11-24T08:27:25","modified_gmt":"2020-11-24T08:27:25","slug":"frodleikur-og-verkefni-tengd-jolum","status":"publish","type":"page","link":"https:\/\/erlendir.akmennt.is\/index.php\/frodleikur-og-verkefni-tengd-jolum\/","title":{"rendered":"Fr\u00f3\u00f0leikur og verkefni tengd j\u00f3lum"},"content":{"rendered":"<ul>\n<li><img loading=\"lazy\" decoding=\"async\" class=\"alignright\" src=\"https:\/\/erlendir.akmennt.is\/wp-content\/uploads\/2016\/10\/jol2.png\" width=\"164\" height=\"180\" \/><\/li>\n<li><a href=\"https:\/\/erlendir.akmennt.is\/wp-content\/uploads\/2016\/03\/Frodleikur_og-sagnir_um_jol.pdf\"><em><strong>Fr\u00f3\u00f0leikur og sagnir um j\u00f3lin<\/strong><\/em><\/a><\/li>\n<li><a href=\"https:\/\/erlendir.akmennt.is\/wp-content\/uploads\/2016\/03\/Heilog-Lusia.pdf\"><em><strong>Heil\u00f6g L\u00fas\u00eda &#8211; hver var h\u00fan?<\/strong><\/em><\/a><\/li>\n<li><a href=\"https:\/\/erlendir.akmennt.is\/wp-content\/uploads\/2016\/03\/Heilagur_Nikulas.pdf\"><em><strong>Heilagur Nikul\u00e1s &#8211; hver var hann?<\/strong><\/em><\/a><\/li>\n<li><a href=\"https:\/\/erlendir.akmennt.is\/wp-content\/uploads\/2016\/03\/Heims_um_bol.pdf\"><em><strong>Heims um b\u00f3l. Texti \u00e1 \u00fdmsum tungum\u00e1lum<\/strong><\/em><\/a><em><strong><br \/><\/strong><\/em><\/li>\n<li><a href=\"https:\/\/erlendir.akmennt.is\/wp-content\/uploads\/2018\/12\/jolakrossgata.pdf\"><em><strong>J\u00f3lakrossg\u00e1ta &#8211; Hekla<\/strong><\/em><\/a><\/li>\n<li><a href=\"https:\/\/erlendir.akmennt.is\/wp-content\/uploads\/2020\/11\/jolakrossgata.pdf\"><em><strong>J\u00f3lakrossg\u00e1ta I<\/strong><\/em><\/a><\/li>\n<li><a href=\"https:\/\/erlendir.akmennt.is\/wp-content\/uploads\/2020\/11\/krossgata_II.pdf\"><em><strong>J\u00f3lakrossg\u00e1ta II<\/strong><\/em><\/a><\/li>\n<li><a href=\"https:\/\/erlendir.akmennt.is\/wp-content\/uploads\/2016\/03\/Jolakvedjur_a-_ymsum_malum.pdf\"><em><strong>J\u00f3lakve\u00f0jur \u00e1 \u00fdmsum tungum\u00e1lum<\/strong><\/em><\/a><\/li>\n<li><a href=\"https:\/\/erlendir.akmennt.is\/wp-content\/uploads\/2016\/03\/Jolabokin_min.pdf\"><em><strong>J\u00f3lab\u00f3kin m\u00edn &#8211; textar og verkefni<\/strong><\/em><\/a><\/li>\n<li><a href=\"https:\/\/erlendir.akmennt.is\/wp-content\/uploads\/2016\/03\/jolasidir-annarra-landa.pdf\"><em><strong>J\u00f3lasi\u00f0ir annarra landa<\/strong><\/em><\/a><\/li>\n<li><a href=\"https:\/\/erlendir.akmennt.is\/wp-content\/uploads\/2016\/10\/myndir_og_ord_jol.pdf\"><em><strong>Myndir og or\u00f0<\/strong><\/em><\/a><\/li>\n<li><a href=\"https:\/\/erlendir.akmennt.is\/wp-content\/uploads\/2017\/12\/jolasveinar_polska.pdf\"><em><strong>Uppl\u00fdsingar um \u00edslensku j\u00f3lasveinana \u00e1 p\u00f3lsku<\/strong><\/em><\/a><\/li>\n<li><em><strong><a href=\"https:\/\/erlendir.akmennt.is\/wp-content\/uploads\/2017\/08\/jolin_hans_antons-2.pdf\">J\u00f3lin hans Antons. J\u00f3lasaga \u00fear sem lesinn er einn kafli me\u00f0 verkefnum, hvern dag til j\u00f3la<\/a><\/strong><\/em><\/li>\n<li><a href=\"https:\/\/erlendir.akmennt.is\/wp-content\/uploads\/2017\/12\/jolaspil_ingibjorg_edda.pdf\"><em><strong>J\u00f3laspil Ingibjargar Eddu Haraldsd\u00f3ttur<\/strong><\/em><\/a><\/li>\n<li><a href=\"https:\/\/erlendir.akmennt.is\/wp-content\/uploads\/2017\/12\/jolaordaleit_Hekla.pdf\"><em><strong>J\u00f3laor\u00f0aleit (or\u00f0as\u00fapa) fr\u00e1 Heklu Hannibalsd\u00f3ttur<\/strong><\/em><\/a><\/li>\n<li>\u00a0<\/li>\n<li><a href=\"https:\/\/erlendir.akmennt.is\/wp-content\/uploads\/2017\/01\/Jolasveinar_arabiska.pdf\"><em><strong>\u00cdslenskir j\u00f3lasveinar og j\u00f3lasi\u00f0ir &#8211; arabiska<\/strong><\/em><\/a><\/li>\n<li><em><a href=\"https:\/\/erlendir.akmennt.is\/wp-content\/uploads\/2020\/11\/arabiska.jpg\"><strong>\u00cds<\/strong><\/a><strong>lenskir j\u00f3lasveinar &#8211; arabiska &#8211; \u00cdslenska menningarsetri\u00f0<br \/><\/strong><\/em><\/li>\n<li><a href=\"https:\/\/erlendir.akmennt.is\/wp-content\/uploads\/2019\/12\/Jolemaend_danska_2019.pdf\"><em><strong>\u00cdslenskir j\u00f3lasveinar &#8211; danska<\/strong><\/em><\/a><\/li>\n<li><a href=\"https:\/\/erlendir.akmennt.is\/wp-content\/uploads\/2019\/12\/Les-treize-peres-noel-islandais.pdf\"><strong>\u00cdslenskir j\u00f3l<\/strong><strong>asveinar &#8211; franska<\/strong><\/a><\/li>\n<li><a href=\"https:\/\/erlendir.akmennt.is\/wp-content\/uploads\/2017\/12\/jolasveinar_polska.pdf\"><strong>\u00cdslenskir j\u00f3l<\/strong><strong>asveinar &#8211; p\u00f3lska<\/strong><\/a><\/li>\n<li><a href=\"https:\/\/erlendir.akmennt.is\/wp-content\/uploads\/2019\/12\/Santas_islandeses.pdf\"><strong>\u00cdslenskir j\u00f3lasveinar &#8211; sp\u00e6nska<\/strong><\/a><\/li>\n<li><a href=\"https:\/\/erlendir.akmennt.is\/wp-content\/uploads\/2019\/12\/jolasveinar_saenska_.pdf\"><em><strong>\u00cdslenskir j\u00f3lasveinar &#8211; s\u00e6nska<\/strong><\/em><\/a><\/li>\n<li><em><strong><a href=\"https:\/\/erlendir.akmennt.is\/wp-content\/uploads\/2019\/11\/Um_jolasveina_thyska.pdf\">\u00cdslenskir j\u00f3lasveinar &#8211; \u00fe\u00fdska<\/a> <\/strong><\/em>\n<p>\u00a0<\/p>\n<\/li>\n<li><a href=\"https:\/\/erlendir.akmennt.is\/wp-content\/uploads\/2018\/12\/islensku_jolasveinarnir-1.pdf\"><em><strong>\u00cdslenskir j\u00f3lasveinar og stutt verkefni &#8211; Hekla<\/strong><\/em><\/a><\/li>\n<li><a href=\"https:\/\/erlendir.akmennt.is\/wp-content\/uploads\/2016\/10\/Lestextar-og-verkefni.pdf\"><em><strong>L\u00e9ttir lestextar og verkefni<\/strong><\/em><\/a><\/li>\n<li><a href=\"https:\/\/erlendir.akmennt.is\/wp-content\/uploads\/2018\/12\/jol_skrifadu_a_linurnar.pdf\"><em><strong>Skrifa\u00f0u or\u00f0in vi\u00f0 r\u00e9tta mynd <\/strong><\/em><\/a><\/li>\n<li><a href=\"https:\/\/erlendir.akmennt.is\/wp-content\/uploads\/2018\/12\/jol_tengja-saman.pdf\"><em><strong>Tengdu saman or\u00f0 og mynd &#8211; Hekla<\/strong><\/em><\/a><\/li>\n<\/ul>\n\n\n<p><\/p>\n","protected":false},"excerpt":{"rendered":"<p>Fr\u00f3\u00f0leikur og sagnir um j\u00f3lin Heil\u00f6g L\u00fas\u00eda &#8211; hver var h\u00fan? Heilagur Nikul\u00e1s &#8211; hver var hann? Heims um b\u00f3l. Texti \u00e1 \u00fdmsum tungum\u00e1lum J\u00f3lakrossg\u00e1ta &#8211; Hekla J\u00f3lakrossg\u00e1ta I J\u00f3lakrossg\u00e1ta II J\u00f3lakve\u00f0jur \u00e1 \u00fdmsum tungum\u00e1lum J\u00f3lab\u00f3kin m\u00edn &#8211; textar og &hellip; <a href=\"https:\/\/erlendir.akmennt.is\/index.php\/frodleikur-og-verkefni-tengd-jolum\/\">Halda \u00e1fram a\u00f0 lesa <span class=\"meta-nav\">&rarr;<\/span><\/a><\/p>\n","protected":false},"author":2,"featured_media":993,"parent":0,"menu_order":0,"comment_status":"closed","ping_status":"closed","template":"","meta":{"footnotes":""},"class_list":["post-989","page","type-page","status-publish","has-post-thumbnail","hentry"],"_links":{"self":[{"href":"https:\/\/erlendir.akmennt.is\/index.php\/wp-json\/wp\/v2\/pages\/989","targetHints":{"allow":["GET"]}}],"collection":[{"href":"https:\/\/erlendir.akmennt.is\/index.php\/wp-json\/wp\/v2\/pages"}],"about":[{"href":"https:\/\/erlendir.akmennt.is\/index.php\/wp-json\/wp\/v2\/types\/page"}],"author":[{"embeddable":true,"href":"https:\/\/erlendir.akmennt.is\/index.php\/wp-json\/wp\/v2\/users\/2"}],"replies":[{"embeddable":true,"href":"https:\/\/erlendir.akmennt.is\/index.php\/wp-json\/wp\/v2\/comments?post=989"}],"version-history":[{"count":57,"href":"https:\/\/erlendir.akmennt.is\/index.php\/wp-json\/wp\/v2\/pages\/989\/revisions"}],"predecessor-version":[{"id":2436,"href":"https:\/\/erlendir.akmennt.is\/index.php\/wp-json\/wp\/v2\/pages\/989\/revisions\/2436"}],"wp:featuredmedia":[{"embeddable":true,"href":"https:\/\/erlendir.akmennt.is\/index.php\/wp-json\/wp\/v2\/media\/993"}],"wp:attachment":[{"href":"https:\/\/erlendir.akmennt.is\/index.php\/wp-json\/wp\/v2\/media?parent=989"}],"curies":[{"name":"wp","href":"https:\/\/api.w.org\/{rel}","templated":true}]}}