{"id":979,"date":"2016-10-12T09:02:20","date_gmt":"2016-10-12T09:02:20","guid":{"rendered":"https:\/\/erlendir.akmennt.is\/?page_id=979"},"modified":"2017-03-15T09:46:23","modified_gmt":"2017-03-15T09:46:23","slug":"frettabref-2016-2017-2","status":"publish","type":"page","link":"https:\/\/erlendir.akmennt.is\/index.php\/frettabref\/frettabref-2016-2017-2\/","title":{"rendered":"Fr\u00e9ttabr\u00e9f 2016-2017"},"content":{"rendered":"<p><a href=\"https:\/\/erlendir.akmennt.is\/wp-content\/uploads\/2016\/09\/frettabref.pdf\"><em><strong>Fr\u00e9ttabr\u00e9f 3.tbl., 5. \u00e1rg., _september_2016<\/strong> <\/em><\/a><\/p>\n<p><a href=\"https:\/\/erlendir.akmennt.is\/wp-content\/uploads\/2016\/12\/frettabref_4._tbl_5.arg_des_2016.pdf\"><em><strong>Fr\u00e9ttabr\u00e9f, 4. tbl., 5. \u00e1rg., desember 2016<\/strong><\/em><\/a><\/p>\n<p><a href=\"https:\/\/erlendir.akmennt.is\/wp-content\/uploads\/2017\/03\/frettabref_1.tbl_._6.arg_mars_2017.pdf\"><em><strong>Fr\u00e9ttabr\u00e9f, 1. tbl., 6. \u00e1rg., mars 2017<\/strong><\/em><\/a><\/p>\n","protected":false},"excerpt":{"rendered":"<p>Fr\u00e9ttabr\u00e9f 3.tbl., 5. \u00e1rg., _september_2016 Fr\u00e9ttabr\u00e9f, 4. tbl., 5. \u00e1rg., desember 2016 Fr\u00e9ttabr\u00e9f, 1. tbl., 6. \u00e1rg., mars 2017<\/p>\n","protected":false},"author":2,"featured_media":0,"parent":102,"menu_order":0,"comment_status":"closed","ping_status":"closed","template":"","meta":{"footnotes":""},"class_list":["post-979","page","type-page","status-publish","hentry"],"_links":{"self":[{"href":"https:\/\/erlendir.akmennt.is\/index.php\/wp-json\/wp\/v2\/pages\/979","targetHints":{"allow":["GET"]}}],"collection":[{"href":"https:\/\/erlendir.akmennt.is\/index.php\/wp-json\/wp\/v2\/pages"}],"about":[{"href":"https:\/\/erlendir.akmennt.is\/index.php\/wp-json\/wp\/v2\/types\/page"}],"author":[{"embeddable":true,"href":"https:\/\/erlendir.akmennt.is\/index.php\/wp-json\/wp\/v2\/users\/2"}],"replies":[{"embeddable":true,"href":"https:\/\/erlendir.akmennt.is\/index.php\/wp-json\/wp\/v2\/comments?post=979"}],"version-history":[{"count":8,"href":"https:\/\/erlendir.akmennt.is\/index.php\/wp-json\/wp\/v2\/pages\/979\/revisions"}],"predecessor-version":[{"id":1295,"href":"https:\/\/erlendir.akmennt.is\/index.php\/wp-json\/wp\/v2\/pages\/979\/revisions\/1295"}],"up":[{"embeddable":true,"href":"https:\/\/erlendir.akmennt.is\/index.php\/wp-json\/wp\/v2\/pages\/102"}],"wp:attachment":[{"href":"https:\/\/erlendir.akmennt.is\/index.php\/wp-json\/wp\/v2\/media?parent=979"}],"curies":[{"name":"wp","href":"https:\/\/api.w.org\/{rel}","templated":true}]}}