{"id":93,"date":"2015-07-03T08:39:41","date_gmt":"2015-07-03T08:39:41","guid":{"rendered":"https:\/\/erlendir.akmennt.is\/?page_id=93"},"modified":"2020-11-11T12:03:10","modified_gmt":"2020-11-11T12:03:10","slug":"ymis-ordafordaverkefni","status":"publish","type":"page","link":"https:\/\/erlendir.akmennt.is\/index.php\/ymis-ordafordaverkefni\/","title":{"rendered":"\u00ddmis or\u00f0afor\u00f0averkefni"},"content":{"rendered":"\n<p><strong><em>Fyrir yngri nemendur:<\/em><\/strong><br><strong><a href=\"https:\/\/erlendir.akmennt.is\/wp-content\/uploads\/2020\/11\/leikfong-farartaeki.pdf\">A\u00f0 \u00feekkja r\u00e9tta or\u00f0i\u00f0: Leikf\u00f6ng, farart\u00e6ki, n\u00e1tt\u00far<\/a><em><a href=\"https:\/\/erlendir.akmennt.is\/wp-content\/uploads\/2020\/11\/leikfong-farartaeki.pdf\">a.<\/a><\/em><\/strong><\/p>\n\n\n\n<p><\/p>\n\n\n\n<p><strong><em>Getur henta\u00f0 b\u00e6\u00f0i yngri og eldri nemendum<\/em><\/strong>: <br><strong><a href=\"https:\/\/erlendir.akmennt.is\/wp-content\/uploads\/2020\/11\/Hver-er-eg_2019.docx.pdf\">A\u00f0 para saman sta\u00f0h\u00e6fingar og or\u00f0.<\/a><\/strong><\/p>\n\n\n\n<p><\/p>\n\n\n\n<p><strong><em>Fyrir eldri nemendur:<\/em><\/strong> <br><a href=\"https:\/\/erlendir.akmennt.is\/wp-content\/uploads\/2020\/11\/Verkefni_ymislegt.pdf\"><strong>Verkefni: M\u00e1lfr\u00e6\u00f0i, or\u00f0afor\u00f0i og ritun. Getur henta\u00f0 sem st\u00f6\u00f0umat.<\/strong><\/a><\/p>\n\n\n\n<p><\/p>\n","protected":false},"excerpt":{"rendered":"<p>Fyrir yngri nemendur:A\u00f0 \u00feekkja r\u00e9tta or\u00f0i\u00f0: Leikf\u00f6ng, farart\u00e6ki, n\u00e1tt\u00fara. Getur henta\u00f0 b\u00e6\u00f0i yngri og eldri nemendum: A\u00f0 para saman sta\u00f0h\u00e6fingar og or\u00f0. Fyrir eldri nemendur: Verkefni: M\u00e1lfr\u00e6\u00f0i, or\u00f0afor\u00f0i og ritun. Getur henta\u00f0 sem st\u00f6\u00f0umat.<\/p>\n","protected":false},"author":2,"featured_media":0,"parent":0,"menu_order":0,"comment_status":"closed","ping_status":"closed","template":"","meta":{"footnotes":""},"class_list":["post-93","page","type-page","status-publish","hentry"],"_links":{"self":[{"href":"https:\/\/erlendir.akmennt.is\/index.php\/wp-json\/wp\/v2\/pages\/93","targetHints":{"allow":["GET"]}}],"collection":[{"href":"https:\/\/erlendir.akmennt.is\/index.php\/wp-json\/wp\/v2\/pages"}],"about":[{"href":"https:\/\/erlendir.akmennt.is\/index.php\/wp-json\/wp\/v2\/types\/page"}],"author":[{"embeddable":true,"href":"https:\/\/erlendir.akmennt.is\/index.php\/wp-json\/wp\/v2\/users\/2"}],"replies":[{"embeddable":true,"href":"https:\/\/erlendir.akmennt.is\/index.php\/wp-json\/wp\/v2\/comments?post=93"}],"version-history":[{"count":5,"href":"https:\/\/erlendir.akmennt.is\/index.php\/wp-json\/wp\/v2\/pages\/93\/revisions"}],"predecessor-version":[{"id":2399,"href":"https:\/\/erlendir.akmennt.is\/index.php\/wp-json\/wp\/v2\/pages\/93\/revisions\/2399"}],"wp:attachment":[{"href":"https:\/\/erlendir.akmennt.is\/index.php\/wp-json\/wp\/v2\/media?parent=93"}],"curies":[{"name":"wp","href":"https:\/\/api.w.org\/{rel}","templated":true}]}}