{"id":772,"date":"2016-04-01T14:36:41","date_gmt":"2016-04-01T14:36:41","guid":{"rendered":"https:\/\/erlendir.akmennt.is\/?page_id=772"},"modified":"2020-10-29T09:09:50","modified_gmt":"2020-10-29T09:09:50","slug":"tailenska-3","status":"publish","type":"page","link":"https:\/\/erlendir.akmennt.is\/index.php\/tailenska-3\/","title":{"rendered":"Tailenska"},"content":{"rendered":"<ul>\n<li><a href=\"https:\/\/erlendir.akmennt.is\/wp-content\/uploads\/2020\/03\/Akureyrarbaer_tailenska_2018_2020.pdf\"><em><strong>Um grunnsk\u00f3lana \u00e1 Akureyri &#8211; uppf\u00e6rt \u00ed mars 2020<\/strong><\/em><\/a><\/li>\n<li><a href=\"https:\/\/erlendir.akmennt.is\/wp-content\/uploads\/2017\/10\/Nr.-0089_stodtjonusta_tailenska.pdf\"><em><strong>Um sto\u00f0\u00fej\u00f3nustu grunnsk\u00f3lanna \u00e1 Akureyri<\/strong><\/em><\/a><\/li>\n<li><\/li>\n<li><em><strong><a href=\"https:\/\/erlendir.akmennt.is\/wp-content\/uploads\/2016\/04\/Fyrstu_skrefin_-_tailenska.pdf\" rel=\"\">B\u00e6klingurinn Fyrstu skrefin &#8211; tailenska<\/a><\/strong><\/em><\/li>\n<li><em><strong><a href=\"https:\/\/erlendir.akmennt.is\/wp-content\/uploads\/2016\/04\/tailenska_dagar_manudir.pdf\" rel=\"\">Dagar og m\u00e1nu\u00f0ir, tailenska<\/a><\/strong><\/em><\/li>\n<li><em><strong><a href=\"https:\/\/erlendir.akmennt.is\/wp-content\/uploads\/2016\/04\/tailenska_litir.pdf\" rel=\"\">Litir, tailenska<\/a><\/strong><\/em><\/li>\n<li><em><strong><a href=\"https:\/\/erlendir.akmennt.is\/wp-content\/uploads\/2016\/04\/Reykjaferd_ordalisti_tai.pdf\" rel=\"\">Reykjafer\u00f0, or\u00f0alisti<\/a><\/strong><\/em><\/li>\n<li><a href=\"https:\/\/mms.is\/sites\/mms.is\/files\/stf_thailand.pdf\"><strong>St\u00e6r\u00f0fr\u00e6\u00f0i &#8211; or\u00f0alisti, 9. bekkur<\/strong><\/a><\/li>\n<li><em><strong><a href=\"https:\/\/erlendir.akmennt.is\/wp-content\/uploads\/2016\/04\/tailenska_tolur.pdf\" rel=\"\">T\u00f6lurnar, tailenska<\/a><\/strong><\/em>\n<p align=\"center\"><span style=\"color: #0000ff; font-size: x-large;\"><b>\u00a0<\/b><\/span><\/p>\n<\/li>\n<\/ul>\n","protected":false},"excerpt":{"rendered":"<p>Um grunnsk\u00f3lana \u00e1 Akureyri &#8211; uppf\u00e6rt \u00ed mars 2020 Um sto\u00f0\u00fej\u00f3nustu grunnsk\u00f3lanna \u00e1 Akureyri B\u00e6klingurinn Fyrstu skrefin &#8211; tailenska Dagar og m\u00e1nu\u00f0ir, tailenska Litir, tailenska Reykjafer\u00f0, or\u00f0alisti St\u00e6r\u00f0fr\u00e6\u00f0i &#8211; or\u00f0alisti, 9. bekkur T\u00f6lurnar, tailenska \u00a0<\/p>\n","protected":false},"author":2,"featured_media":0,"parent":0,"menu_order":0,"comment_status":"closed","ping_status":"closed","template":"","meta":{"footnotes":""},"class_list":["post-772","page","type-page","status-publish","hentry"],"_links":{"self":[{"href":"https:\/\/erlendir.akmennt.is\/index.php\/wp-json\/wp\/v2\/pages\/772","targetHints":{"allow":["GET"]}}],"collection":[{"href":"https:\/\/erlendir.akmennt.is\/index.php\/wp-json\/wp\/v2\/pages"}],"about":[{"href":"https:\/\/erlendir.akmennt.is\/index.php\/wp-json\/wp\/v2\/types\/page"}],"author":[{"embeddable":true,"href":"https:\/\/erlendir.akmennt.is\/index.php\/wp-json\/wp\/v2\/users\/2"}],"replies":[{"embeddable":true,"href":"https:\/\/erlendir.akmennt.is\/index.php\/wp-json\/wp\/v2\/comments?post=772"}],"version-history":[{"count":15,"href":"https:\/\/erlendir.akmennt.is\/index.php\/wp-json\/wp\/v2\/pages\/772\/revisions"}],"predecessor-version":[{"id":2348,"href":"https:\/\/erlendir.akmennt.is\/index.php\/wp-json\/wp\/v2\/pages\/772\/revisions\/2348"}],"wp:attachment":[{"href":"https:\/\/erlendir.akmennt.is\/index.php\/wp-json\/wp\/v2\/media?parent=772"}],"curies":[{"name":"wp","href":"https:\/\/api.w.org\/{rel}","templated":true}]}}