{"id":74,"date":"2015-07-02T15:45:25","date_gmt":"2015-07-02T15:45:25","guid":{"rendered":"https:\/\/erlendir.akmennt.is\/?page_id=74"},"modified":"2015-10-23T09:40:06","modified_gmt":"2015-10-23T09:40:06","slug":"spil-og-leikir-3","status":"publish","type":"page","link":"https:\/\/erlendir.akmennt.is\/index.php\/spil-og-leikir-3\/","title":{"rendered":"Spil og leikir"},"content":{"rendered":"<p align=\"center\"><i><b><span style=\"color: #336699; font-size: xx-large;\">Spil og leikir<\/span><\/b><\/i><\/p>\n<p align=\"left\"><span style=\"color: #336699; font-size: large;\"><b>\u00a0\u00a0\u00a0\u00a0 <u>\u00cdslenskuspili\u00f0<\/u><\/b><u>:<\/u> N\u00e1msefni \u00ed \u00edslensku fyrir \u00fatlendinga. Hentar \u00f6llum stigum \u00edslenskun\u00e1ms \u00ed fullor\u00f0insfr\u00e6\u00f0slu, framhaldssk\u00f3lum og elsta stigi grunnsk\u00f3la.<br \/>\nH\u00e6gt er a\u00f0 nota spili\u00f0 me\u00f0 bor\u00f0i sem f\u00e6rir nemendur \u00ed fer\u00f0alag kringum \u00cdsland en einnig er h\u00e6gt a\u00f0 nota \u00fea\u00f0 \u00e1n bor\u00f0s, einn efnisflokk verkefna e\u00f0a<br \/>\nalla \u00ed einu. Flokkar verkefna tengjast nafnor\u00f0um, sagnor\u00f0um, l\u00fdsingaror\u00f0um, a\u00f0 svara spurningum, b\u00faa til setningar og einn flokkur er almenns e\u00f0lis og<br \/>\n\u00fear reynir m.a. \u00e1 heiti talna \u00e1\u00a0 \u00edslensku.<\/span><\/p>\n<p align=\"left\"><span style=\"color: #336699; font-size: large;\">\u00a0\u00a0\u00a0\u00a0 \u00a0\u00a0\u00a0\u00a0<\/span><span class=\"rg_ctlv\"><a href=\"http:\/\/www.google.is\/imgres?q=%EDslenskuspili%F0&amp;um=1&amp;hl=is&amp;sa=N&amp;biw=1280&amp;bih=878&amp;tbm=isch&amp;tbnid=2O2G8vglZffCzM:&amp;imgrefurl=http:\/\/www.purplepawn.com\/2011\/01\/islenskuspili%C3%B0\/&amp;imgurl=http:\/\/www.purplepawn.com\/wp-content\/uploads\/2011\/01\/islenskuspilid.jpg&amp;w=500&amp;h=241&amp;ei=fLdAUK_lCLGZ0QXxvoGYCw&amp;zoom=1&amp;iact=hc&amp;vpx=913&amp;vpy=343&amp;dur=1585&amp;hovh=156&amp;hovw=324&amp;tx=242&amp;ty=96&amp;sig=106344309695895204894&amp;page=1&amp;tbnh=100&amp;tbnw=208&amp;start=0&amp;ndsp=20&amp;ved=1t:429,r:9,s:0,i:97\"><img loading=\"lazy\" decoding=\"async\" id=\"rg_hi\" class=\"rg_hi uh_hi\" src=\"http:\/\/t2.gstatic.com\/images?q=tbn:ANd9GcSOt6UYhn7uDFRmiTzIOrssHEeAaQiy1kjRaIYdYLmg0bX1bY9v\" alt=\"\" width=\"324\" height=\"156\" data-width=\"324\" data-height=\"156\" \/><\/a><\/span><\/p>\n<p align=\"left\">\u00a0\u00a0 <span style=\"color: #336699; font-size: large;\"><b>\u00a0<u>\u00cdsbrj\u00f3tar &#8211; samskipti og samtal<br \/>\n<\/u>\u00a0\u00a0 <\/b>\u00cdsbrj\u00f3tar eru \u00fdmsir stuttir leikir sem eru vel fallnir til \u00feess a\u00f0 hrista saman h\u00f3pa og auka tj\u00e1skipti og samvinnu \u00ed h\u00f3pum.<br \/>\n<\/span><span style=\"color: #800000; font-size: large;\">\u00a0\u00cdsbrj\u00f3tur eitt: <\/span><span style=\"color: #336699; font-size: large;\"><br \/>\nNemendur f\u00e1 bla\u00f0 og b\u00faa til skutlur. Allir merkja skutluna s\u00edna a\u00f0 innan me\u00f0 nafni og skrifa s\u00ed\u00f0an einhverjar uppl\u00fdsingar um sig sem kennari \u00e1kve\u00f0ur<br \/>\n(t.d. upp\u00e1haldsmatur, hva\u00f0 ger\u00f0ir \u00fe\u00fa \u00ed sumar, upp\u00e1haldsb\u00f3kin \u00fe\u00edn, n\u00e1msgreinin e\u00f0a hva\u00f0 anna\u00f0).\u00a0 S\u00ed\u00f0an kasta allir s\u00ednum skutlum a\u00f0 t\u00f6flunni e\u00f0a \u00ed<br \/>\nmi\u00f0jan hring. Hver og einn n\u00e6r s\u00e9r \u00ed n\u00fdja skutlu\u00a0 (m\u00e1 ekki taka s\u00edna eigin) og hittir eiganda skutlunnar og r\u00e6\u00f0ir vi\u00f0 hann um \u00fe\u00e6r uppl\u00fdsingar sem fram<br \/>\nkoma \u00ed skutlunni.<b>\u00a0 <\/b>Einnig v\u00e6ri h\u00e6gt a\u00f0 ganga lengra me\u00f0 leikinn, \u00feannig a\u00f0 hver nemandi seg\u00f0i fr\u00e1 \u00fev\u00ed sem fram kom \u00ed skutlunni sem hann f\u00e9kk.<\/span><\/p>\n<p align=\"left\"><span style=\"color: #336699; font-size: large;\">\u00a0 <\/span><span style=\"color: #800000; font-size: large;\">\u00a0\u00cdsbrj\u00f3tur tv\u00f6:<\/span><span style=\"color: #336699; font-size: large;\"><br \/>\nHver nemandi f\u00e6r nafn \u00e1 d\u00fdri. Engir mega hafa sama nafni\u00f0. Allir ganga um \u00ed bekknum og heilsast. Um lei\u00f0 segja \u00feeir nafni\u00f0 sitt (nafni\u00f0 \u00e1 d\u00fdrinu sem \u00feeir<br \/>\neru). \u00deannig f\u00e1 allir n\u00fdtt nafn vi\u00f0 hverja kve\u00f0ju. Allir halda \u00e1fram a\u00f0 f\u00e1 n\u00fdtt nafn vi\u00f0 hvert handtak. \u00deegar einhver f\u00e6r sama nafn og hann byrja\u00f0i me\u00f0 \u00ed<br \/>\nupphafi leiks\u00a0 er vi\u00f0komandi \u00far. Nau\u00f0synlegt er a\u00f0 hver og einn muni alltaf sitt n\u00fdja nafn, &#8211; annars gengur leikurinn ekki upp.<\/span><\/p>\n<div id=\"bodywrapper\">\n<div id=\"bodywrapperbottom\">\n<div id=\"wrapper\">\n<div id=\"innerwrapper\">\n<div id=\"innerwrappertop\">\n<div id=\"col-wrapper\">\n<div id=\"contentwrapper\" class=\"clearfix\">\n<div id=\"content\">\n<div class=\"pi_box item0\">\n<div class=\"product clearfix\">\n<div class=\"leftpanel\">\n<div class=\"description\"><i>\u00a0\u00a0 <\/i><span style=\"color: #800000;\"><u><b>\u00a0<\/b><\/u><\/span><span style=\"color: #800000; font-size: large;\"><u><b>Fallor\u00f0aspili\u00f0<\/b><\/u><i> <\/i><\/span><span style=\"color: #336699; font-size: large;\">er \u00e6tla\u00f0 til a\u00f0 \u00e6fa b\u00f6rn \u00ed beygingu \u00edslenskra fallor\u00f0a, einkum nafnor\u00f0a, en einnig fornafna og l\u00fdsingaror\u00f0a. \u00dea\u00f0 er einkum hugsa\u00f0 fyrir b\u00f6rn<br \/>\nme\u00f0 h\u00e6gan m\u00e1l\u00feroska e\u00f0a m\u00e1lr\u00f6skun \u00e1 yngsta stigi grunnsk\u00f3lans en n\u00fdtist einnig b\u00f6rnum sem l\u00e6ra \u00edslensku sem anna\u00f0 m\u00e1l og \u00f6\u00f0rum sem geta \u00feurft \u00e1<br \/>\nt\u00edmabundnum stu\u00f0ningi a\u00f0 halda. Hentar \u00f6llum aldursstigum. H\u00f6fundur er El\u00edn \u00de\u00f6ll \u00de\u00f3r\u00f0ard\u00f3ttir og spili\u00f0 var gefi\u00f0 \u00fat \u00e1ri\u00f0 2009 af <\/span><span style=\"color: #336699; font-size: large;\">N\u00e1msgagnastofnun.<\/span><\/div>\n<\/div>\n<div class=\"rightpanel\">\n<div class=\"picture\"><img decoding=\"async\" id=\"product-picture\" src=\"http:\/\/www.nams.is\/lisalib\/getfile.aspx?itemid=bfc67b02-d479-4ba2-b02e-13fa5a3ad54c&amp;proc=bookcover\" alt=\"Fallor\u00f0aspili\u00f0\" align=\"right\" \/><\/div>\n<\/div>\n<\/div>\n<\/div>\n<\/div>\n<\/div>\n<\/div>\n<\/div>\n<\/div>\n<\/div>\n<\/div>\n<\/div>\n<p align=\"left\">\u00a0\u00a0\u00a0 <b><span style=\"color: #800000;\">\u00a0<span style=\"font-size: large;\">Sannleikurinn \u00e1 uppbo\u00f0i<\/span><br \/>\n<\/span><span style=\"color: #336699;\">\u00a0\u00a0\u00a0 <span style=\"font-size: large;\">\u00a0<\/span><\/span><\/b><span style=\"color: #336699;\"><span style=\"font-size: large;\">Kennarinn er uppbo\u00f0shaldarinn. Nemendum bekkjarins er skipt \u00ed li\u00f0, 3-4 \u00ed hverju. Hvert li\u00f0 f\u00e6r 10 \u00fe\u00fasund kr\u00f3nur til a\u00f0 nota til a\u00f0<br \/>\nbj\u00f3\u00f0a \u00ed \u00fe\u00e6r setningar sem kennarinn b\u00fd\u00f0ur upp og li\u00f0i\u00f0 \u00e1l\u00edtur a\u00f0 s\u00e9u <u><b>sannar<\/b><\/u>. Li\u00f0in f\u00e1 t\u00e6kif\u00e6ri til a\u00f0 sko\u00f0a \u00ed upphafi \u00fe\u00e6r setningar<br \/>\nsem ver\u00f0a bo\u00f0nar upp og r\u00e6\u00f0a hverjar s\u00e9u \u00feess vir\u00f0i a\u00f0 bj\u00f3\u00f0a \u00ed \u00fe\u00e6r og hva\u00f0 li\u00f0i\u00f0 s\u00e9 tilb\u00fai\u00f0 til a\u00f0 borga miki\u00f0 fyrir hverja.<br \/>\n\u00cd lokin er fari\u00f0 yfir ni\u00f0urst\u00f6\u00f0ur og eitt stig gefi\u00f0 fyrir hverja r\u00e9tta setningu sem hvert li\u00f0 \u00e1. \u00dea\u00f0 li\u00f0 vinnur sem hefur keypt flestar r\u00e9ttar<br \/>\nsetningar.<br \/>\n\u00deennan leik er h\u00e6gt a\u00f0\u00a0 \u00fatf\u00e6ra \u00fat fr\u00e1 flestum n\u00e1msgreinum &#8211; setningarnar geta veri\u00f0 mismargar eftir aldri og \u00fathaldi, oft \u00ed kringum 20.<br \/>\nD\u00e6mi: Sannleikurinn um l\u00edkamann:<\/span><\/span><\/p>\n<p align=\"left\"><span style=\"color: #336699; font-size: large;\">\u00a0\u00a0\u00a0\u00a0\u00a0\u00a0\u00a0 *\u00a0 \u00dea\u00f0 er j\u00e1rn \u00ed bl\u00f3\u00f0inu<br \/>\n*\u00a0 Hjarta\u00f0 er st\u00e6rsti v\u00f6\u00f0vi l\u00edkamans<br \/>\n*\u00a0 Engir tveir hafa sama fingrafar o.s.frv.<\/span><\/p>\n<p align=\"left\"><span style=\"color: #800000; font-size: large;\"><b>\u00a0A\u00f0 l\u00fdsa einstaklingi<br \/>\n<\/b><\/span><span style=\"color: #336699; font-size: large;\">P\u00f6r spila \u00feetta spil. Kennarinn \u00e1 \u00ed f\u00f3rum s\u00ednum myndir af pers\u00f3num sem eru \u00f3l\u00edkar a\u00f0 \u00fatliti og \u00ed kl\u00e6\u00f0abur\u00f0i (sj\u00e1 bls. 42 og 43 \u00ed Snak l\u00f8s!)\u00a0 &#8211; l\u00edka h\u00e6gt a\u00f0<br \/>\nprenta \u00fe\u00e6r \u00fat\u00a0<a href=\"https:\/\/erlendir.akmennt.is\/wp-content\/uploads\/2015\/10\/Lysning_personu.pdf\">Sj\u00e1 h\u00e9r<\/a><br \/>\nAnnar nemandinn fer og velur s\u00e9r eina pers\u00f3nu til a\u00f0 l\u00fdsa eins vel og hann getur.\u00a0 Hinn nemandinn skrifar hj\u00e1 s\u00e9r til minnis eftir l\u00fdsingunni.\u00a0 S\u00ed\u00f0an fer s\u00e1<br \/>\nsem \u00e1 a\u00f0 finna r\u00e9tta pers\u00f3nu \u00feanga\u00f0 sem allar myndirnar eru og reynir a\u00f0 finna nafn vi\u00f0komandi eftir l\u00fdsingunni. Ef hann finnur ekki \u00fe\u00e1 r\u00e9ttu, hefur hann<br \/>\nm\u00f6guleika \u00e1 a\u00f0 spyrja l\u00fdsandann \u00e1fram, \u00fear til m\u00e1li\u00f0 leysist.<\/span><\/p>\n<p align=\"left\"><span style=\"color: #336699; font-size: large;\">\u00a0\u00a0\u00a0\u00a0 <\/span><span style=\"color: #800000; font-size: large;\"><b>Hva\u00f0a d\u00fdr b\u00fdr \u00ed hva\u00f0a b\u00fari?<br \/>\n<\/b><\/span><span style=\"color: #336699; font-size: large;\">\u00deetta spil er \u00fe\u00fdtt og unni\u00f0 upp \u00far spili \u00ed b\u00f3kinni <b>Snak l\u00f8s! <\/b>Spila\u00f0 \u00ed p\u00f6rum, \u00feannig a\u00f0 tveir og tveir nemendur hj\u00e1lpast a\u00f0 vi\u00f0 a\u00f0 finna hva\u00f0a d\u00fdr b\u00fdr \u00ed hva\u00f0a<br \/>\nb\u00fari \u00ed d\u00fdragar\u00f0inum.\u00a0 Spili\u00f0 er h\u00e6gt a\u00f0 prenta \u00fat <a href=\"https:\/\/erlendir.akmennt.is\/wp-content\/uploads\/2015\/10\/Dyr_i_buri.pdf\">H\u00e9r<\/a><\/span><\/p>\n","protected":false},"excerpt":{"rendered":"<p>Spil og leikir \u00a0\u00a0\u00a0\u00a0 \u00cdslenskuspili\u00f0: N\u00e1msefni \u00ed \u00edslensku fyrir \u00fatlendinga. Hentar \u00f6llum stigum \u00edslenskun\u00e1ms \u00ed fullor\u00f0insfr\u00e6\u00f0slu, framhaldssk\u00f3lum og elsta stigi grunnsk\u00f3la. H\u00e6gt er a\u00f0 nota spili\u00f0 me\u00f0 bor\u00f0i sem f\u00e6rir nemendur \u00ed fer\u00f0alag kringum \u00cdsland en einnig er h\u00e6gt a\u00f0 &hellip; <a href=\"https:\/\/erlendir.akmennt.is\/index.php\/spil-og-leikir-3\/\">Halda \u00e1fram a\u00f0 lesa <span class=\"meta-nav\">&rarr;<\/span><\/a><\/p>\n","protected":false},"author":2,"featured_media":0,"parent":0,"menu_order":0,"comment_status":"closed","ping_status":"closed","template":"onecolumn-page.php","meta":{"footnotes":""},"class_list":["post-74","page","type-page","status-publish","hentry"],"_links":{"self":[{"href":"https:\/\/erlendir.akmennt.is\/index.php\/wp-json\/wp\/v2\/pages\/74","targetHints":{"allow":["GET"]}}],"collection":[{"href":"https:\/\/erlendir.akmennt.is\/index.php\/wp-json\/wp\/v2\/pages"}],"about":[{"href":"https:\/\/erlendir.akmennt.is\/index.php\/wp-json\/wp\/v2\/types\/page"}],"author":[{"embeddable":true,"href":"https:\/\/erlendir.akmennt.is\/index.php\/wp-json\/wp\/v2\/users\/2"}],"replies":[{"embeddable":true,"href":"https:\/\/erlendir.akmennt.is\/index.php\/wp-json\/wp\/v2\/comments?post=74"}],"version-history":[{"count":7,"href":"https:\/\/erlendir.akmennt.is\/index.php\/wp-json\/wp\/v2\/pages\/74\/revisions"}],"predecessor-version":[{"id":321,"href":"https:\/\/erlendir.akmennt.is\/index.php\/wp-json\/wp\/v2\/pages\/74\/revisions\/321"}],"wp:attachment":[{"href":"https:\/\/erlendir.akmennt.is\/index.php\/wp-json\/wp\/v2\/media?parent=74"}],"curies":[{"name":"wp","href":"https:\/\/api.w.org\/{rel}","templated":true}]}}