{"id":710,"date":"2016-04-01T08:12:47","date_gmt":"2016-04-01T08:12:47","guid":{"rendered":"https:\/\/erlendir.akmennt.is\/?page_id=710"},"modified":"2020-11-23T10:32:23","modified_gmt":"2020-11-23T10:32:23","slug":"thyska-2","status":"publish","type":"page","link":"https:\/\/erlendir.akmennt.is\/index.php\/thyska-2\/","title":{"rendered":"\u00de\u00fdska"},"content":{"rendered":"<p><em><strong>Leiksk\u00f3lar:<\/strong><\/em><\/p>\n<ul>\n<li><em><strong><a href=\"https:\/\/erlendir.akmennt.is\/wp-content\/uploads\/2016\/04\/Hatidir_og_hefdir_thyska.pdf\" rel=\"\">H\u00e1t\u00ed\u00f0ir og hef\u00f0ir &#8211; \u00fe\u00fdska<\/a><\/strong><\/em><\/li>\n<li><em><strong><a href=\"https:\/\/erlendir.akmennt.is\/wp-content\/uploads\/2016\/04\/Leikskolabaeklingur_thyska.pdf\" rel=\"\">Leikskolabaeklingur &#8211; \u00fe\u00fdska<\/a><\/strong><\/em><\/li>\n<\/ul>\n<p><strong>Grunnsk\u00f3lar:<\/strong><\/p>\n<ul>\n<li><a href=\"https:\/\/erlendir.akmennt.is\/wp-content\/uploads\/2020\/09\/tyska_litir.pdf\"><em><strong>Litirnir \u00e1 \u00fe\u00fdsku og \u00edslensku<\/strong><\/em><\/a><\/li>\n<li><a href=\"https:\/\/erlendir.akmennt.is\/wp-content\/uploads\/2020\/09\/tyska_tolur.pdf\"><em><strong>A\u00f0 telja \u00e1 \u00fe\u00fdsku og \u00edslensku<\/strong><\/em><\/a><\/li>\n<li><a href=\"https:\/\/erlendir.akmennt.is\/wp-content\/uploads\/2020\/11\/thyska_stundaskra.pdf\"><strong>Stundaskr\u00e1 \u00e1 \u00fe\u00fdsku<\/strong><\/a><\/li>\n<li><a href=\"https:\/\/erlendir.akmennt.is\/wp-content\/uploads\/2020\/09\/tyska_vikudagar_manudir.pdf\"><em><strong>Vikudagar og m\u00e1nu\u00f0ir \u00e1 \u00fe\u00fdsku og \u00edslensku<\/strong><\/em><\/a><\/li>\n<li><a href=\"https:\/\/erlendir.akmennt.is\/wp-content\/uploads\/2020\/09\/Um_jolasveina_thyska.pdf\"><em><strong>Um \u00edslensku j\u00f3lasveinana \u00e1 \u00fe\u00fdsku<\/strong><\/em><\/a><\/li>\n<\/ul>\n<p align=\"center\">\n<p align=\"center\"><span style=\"color: #0000ff; font-size: x-large;\"><b>Or\u00f0alistar \u00e1 \u00fdmsum tungum\u00e1lum (Reykjav\u00edkurborg)<br \/>\n<\/b><\/span><span style=\"color: #0000ff; font-size: large;\"><a href=\"http:\/\/reykjavik.is\/ordalistar-og-fleira-hagnytt\">http:\/\/reykjavik.is\/ordalistar-og-fleira-hagnytt<\/a><\/span><\/p>\n<p align=\"center\"><b><span style=\"color: #0000ff; font-size: x-large;\">Skilabo\u00f0 fr\u00e1 leiksk\u00f3lum til heimila \u00e1 \u00fdmsum tungum\u00e1lum (Reykjavikurborg)<br \/>\n<\/span><\/b><span style=\"color: #0000ff; font-size: large;\"><a href=\"http:\/\/reykjavik.is\/skilabod-fra-skola\">http:\/\/reykjavik.is\/skilabod-fra-skola<\/a><\/span><span style=\"color: #0000ff; font-size: x-large;\"><b><br \/>\n<\/b><\/span><\/p>\n","protected":false},"excerpt":{"rendered":"<p>Leiksk\u00f3lar: H\u00e1t\u00ed\u00f0ir og hef\u00f0ir &#8211; \u00fe\u00fdska Leikskolabaeklingur &#8211; \u00fe\u00fdska Grunnsk\u00f3lar: Litirnir \u00e1 \u00fe\u00fdsku og \u00edslensku A\u00f0 telja \u00e1 \u00fe\u00fdsku og \u00edslensku Stundaskr\u00e1 \u00e1 \u00fe\u00fdsku Vikudagar og m\u00e1nu\u00f0ir \u00e1 \u00fe\u00fdsku og \u00edslensku Um \u00edslensku j\u00f3lasveinana \u00e1 \u00fe\u00fdsku Or\u00f0alistar \u00e1 \u00fdmsum tungum\u00e1lum &hellip; <a href=\"https:\/\/erlendir.akmennt.is\/index.php\/thyska-2\/\">Halda \u00e1fram a\u00f0 lesa <span class=\"meta-nav\">&rarr;<\/span><\/a><\/p>\n","protected":false},"author":2,"featured_media":0,"parent":0,"menu_order":0,"comment_status":"closed","ping_status":"closed","template":"","meta":{"footnotes":""},"class_list":["post-710","page","type-page","status-publish","hentry"],"_links":{"self":[{"href":"https:\/\/erlendir.akmennt.is\/index.php\/wp-json\/wp\/v2\/pages\/710","targetHints":{"allow":["GET"]}}],"collection":[{"href":"https:\/\/erlendir.akmennt.is\/index.php\/wp-json\/wp\/v2\/pages"}],"about":[{"href":"https:\/\/erlendir.akmennt.is\/index.php\/wp-json\/wp\/v2\/types\/page"}],"author":[{"embeddable":true,"href":"https:\/\/erlendir.akmennt.is\/index.php\/wp-json\/wp\/v2\/users\/2"}],"replies":[{"embeddable":true,"href":"https:\/\/erlendir.akmennt.is\/index.php\/wp-json\/wp\/v2\/comments?post=710"}],"version-history":[{"count":11,"href":"https:\/\/erlendir.akmennt.is\/index.php\/wp-json\/wp\/v2\/pages\/710\/revisions"}],"predecessor-version":[{"id":2432,"href":"https:\/\/erlendir.akmennt.is\/index.php\/wp-json\/wp\/v2\/pages\/710\/revisions\/2432"}],"wp:attachment":[{"href":"https:\/\/erlendir.akmennt.is\/index.php\/wp-json\/wp\/v2\/media?parent=710"}],"curies":[{"name":"wp","href":"https:\/\/api.w.org\/{rel}","templated":true}]}}