{"id":706,"date":"2016-04-01T08:09:49","date_gmt":"2016-04-01T08:09:49","guid":{"rendered":"https:\/\/erlendir.akmennt.is\/?page_id=706"},"modified":"2018-01-29T09:36:07","modified_gmt":"2018-01-29T09:36:07","slug":"polska-3","status":"publish","type":"page","link":"https:\/\/erlendir.akmennt.is\/index.php\/polska-3\/","title":{"rendered":"P\u00f3lska"},"content":{"rendered":"<ul>\n<li><em><strong>Uppl\u00fdsingar fyrir foreldra:<\/strong><\/em><\/li>\n<li><a href=\"https:\/\/www.heilsugaeslan.is\/library\/Files\/throunarst.-Tannvernd\/Friar_tannlaekningar_Polska_feb_2014.pdf\"><em><strong>Gjaldfrj\u00e1lsar tannl\u00e6kningar<\/strong><\/em><\/a><\/li>\n<li><em><strong><a href=\"https:\/\/erlendir.akmennt.is\/wp-content\/uploads\/2016\/04\/modurmal_polish.pdf\" rel=\"\">modurmal_polska<\/a><\/strong><\/em><\/li>\n<li><em><strong><a href=\"https:\/\/erlendir.akmennt.is\/wp-content\/uploads\/2016\/04\/hatidir-og-hefdir_pols.pdf\" rel=\"\">H\u00e1t\u00ed\u00f0ir og hef\u00f0ir \u00ed leiksk\u00f3la &#8211; Polska<\/a><\/strong><\/em><\/li>\n<li><em><strong><a href=\"https:\/\/erlendir.akmennt.is\/wp-content\/uploads\/2016\/10\/Leyfi_foreldra_PL.pdf\" rel=\"\">Sam\u00feykki vegna fer\u00f0a, kannana og mynda \u00e1 vef<img loading=\"lazy\" decoding=\"async\" class=\"alignright\" src=\"https:\/\/erlendir.akmennt.is\/wp-content\/uploads\/2016\/10\/polski.jpg\" width=\"195\" height=\"171\" \/><\/a><\/strong><\/em><\/li>\n<li><em><strong><a href=\"https:\/\/erlendir.akmennt.is\/wp-content\/uploads\/2016\/04\/Informacje-o-przedszkolu.pdf\" rel=\"\">Informacje o przedszkolu<\/a><\/strong><\/em><\/li>\n<li><em><strong><a href=\"https:\/\/erlendir.akmennt.is\/wp-content\/uploads\/2016\/04\/Vi__og_bo_rnin_okkar_I_sl_Pol.pdf\" rel=\"\">Vi\u00f0 og b\u00f6rnin okkar _p\u00f3lska<\/a><\/strong><\/em><\/li>\n<li><em><strong>Hvernig geta foreldrar stutt vi\u00f0 m\u00e1l\u00feroska, lestur og lesskilning barna sinna?<\/strong><\/em>\n<ul>\n<li><a href=\"http:\/\/www.aarhus.dk\/~\/media\/Dokumenter\/MBU\/VI\/Pjecer\/Faelles-ansvar\/0-3-aar\/Faelles-ansvar---Polsk.pdf\"><em><strong>0-3 \u00e1ra<\/strong><\/em><\/a><\/li>\n<li><a href=\"http:\/\/www.aarhus.dk\/~\/media\/Dokumenter\/MBU\/VI\/Pjecer\/Faelles-ansvar\/3-6-aar\/Faelles-ansvar-3-6-aar---polsk.pdf\"><em><strong>3-6 \u00e1ra<\/strong><\/em><\/a><\/li>\n<li><a href=\"http:\/\/www.aarhus.dk\/~\/media\/Dokumenter\/MBU\/VI\/Pjecer\/Faelles-ansvar\/Indskoling\/Faelles-ansvar---indskoling---polsk.pdf\"><em><strong>vi\u00f0 upphaf sk\u00f3lag\u00f6ngu<\/strong><\/em><\/a><\/li>\n<\/ul>\n<\/li>\n<li>\u00a0<a href=\"http:\/\/tungumalatorg.is\/velkomin\/files\/2015\/01\/Foreldralisti_PL.pdf\"><em><strong> G\u00f3\u00f0 r\u00e1\u00f0 fyrir foreldra<\/strong><\/em><\/a><\/li>\n<li><a href=\"https:\/\/erlendir.akmennt.is\/wp-content\/uploads\/2018\/01\/laesisrad_polsk.pdf\"><em><strong>L\u00e6sisr\u00e1\u00f0in, Lengi b\u00fdr a\u00f0 fyrstu ger\u00f0<\/strong> <\/em>&#8211; <em><strong>CZYM SKORUPKA ZA M\u0141ODU NASI\u0104KNIE&#8230;<\/strong><\/em><\/a><\/li>\n<\/ul>\n<p align=\"center\"><span style=\"color: #0000ff; font-size: x-large;\"><b>Or\u00f0alistar \u00e1 \u00fdmsum tungum\u00e1lum (Reykjav\u00edkurborg)<br \/>\n<\/b><\/span><span style=\"color: #0000ff; font-size: large;\"><a href=\"http:\/\/reykjavik.is\/ordalistar-og-fleira-hagnytt\">http:\/\/reykjavik.is\/ordalistar-og-fleira-hagnytt<\/a><\/span><\/p>\n<ul>\n<li>\n<p style=\"text-align: center;\" align=\"center\"><b><span style=\"color: #0000ff; font-size: x-large;\">Skilabo\u00f0 fr\u00e1 leiksk\u00f3lum til heimila \u00e1 \u00fdmsum tungum\u00e1lum (Reykjavikurborg)<br \/>\n<\/span><\/b><span style=\"color: #0000ff; font-size: large;\"><a href=\"http:\/\/reykjavik.is\/skilabod-fra-skola\">http:\/\/reykjavik.is\/skilabod-fra-skola<\/a><\/span><\/p>\n<\/li>\n<li><em><strong>\u00ddmislegt:<\/strong><\/em>\n<ul>\n<li><a href=\"https:\/\/erlendir.akmennt.is\/wp-content\/uploads\/2017\/12\/jolasveinar_polska.pdf\"><em><strong>Um \u00edslensku j\u00f3lasveinana \u00e1 p\u00f3lsku<\/strong><\/em><\/a><\/li>\n<\/ul>\n<\/li>\n<\/ul>\n","protected":false},"excerpt":{"rendered":"<p>Uppl\u00fdsingar fyrir foreldra: Gjaldfrj\u00e1lsar tannl\u00e6kningar modurmal_polska H\u00e1t\u00ed\u00f0ir og hef\u00f0ir \u00ed leiksk\u00f3la &#8211; Polska Sam\u00feykki vegna fer\u00f0a, kannana og mynda \u00e1 vef Informacje o przedszkolu Vi\u00f0 og b\u00f6rnin okkar _p\u00f3lska Hvernig geta foreldrar stutt vi\u00f0 m\u00e1l\u00feroska, lestur og lesskilning barna sinna? &hellip; <a href=\"https:\/\/erlendir.akmennt.is\/index.php\/polska-3\/\">Halda \u00e1fram a\u00f0 lesa <span class=\"meta-nav\">&rarr;<\/span><\/a><\/p>\n","protected":false},"author":2,"featured_media":0,"parent":0,"menu_order":0,"comment_status":"closed","ping_status":"closed","template":"","meta":{"footnotes":""},"class_list":["post-706","page","type-page","status-publish","hentry"],"_links":{"self":[{"href":"https:\/\/erlendir.akmennt.is\/index.php\/wp-json\/wp\/v2\/pages\/706","targetHints":{"allow":["GET"]}}],"collection":[{"href":"https:\/\/erlendir.akmennt.is\/index.php\/wp-json\/wp\/v2\/pages"}],"about":[{"href":"https:\/\/erlendir.akmennt.is\/index.php\/wp-json\/wp\/v2\/types\/page"}],"author":[{"embeddable":true,"href":"https:\/\/erlendir.akmennt.is\/index.php\/wp-json\/wp\/v2\/users\/2"}],"replies":[{"embeddable":true,"href":"https:\/\/erlendir.akmennt.is\/index.php\/wp-json\/wp\/v2\/comments?post=706"}],"version-history":[{"count":17,"href":"https:\/\/erlendir.akmennt.is\/index.php\/wp-json\/wp\/v2\/pages\/706\/revisions"}],"predecessor-version":[{"id":1596,"href":"https:\/\/erlendir.akmennt.is\/index.php\/wp-json\/wp\/v2\/pages\/706\/revisions\/1596"}],"wp:attachment":[{"href":"https:\/\/erlendir.akmennt.is\/index.php\/wp-json\/wp\/v2\/media?parent=706"}],"curies":[{"name":"wp","href":"https:\/\/api.w.org\/{rel}","templated":true}]}}