{"id":2709,"date":"2021-12-22T12:50:16","date_gmt":"2021-12-22T12:50:16","guid":{"rendered":"https:\/\/erlendir.akmennt.is\/?page_id=2709"},"modified":"2021-12-22T12:50:16","modified_gmt":"2021-12-22T12:50:16","slug":"log-og-namskrar","status":"publish","type":"page","link":"https:\/\/erlendir.akmennt.is\/index.php\/log-og-namskrar\/","title":{"rendered":"L\u00f6g og n\u00e1mskr\u00e1r"},"content":{"rendered":"","protected":false},"excerpt":{"rendered":"","protected":false},"author":4,"featured_media":0,"parent":0,"menu_order":0,"comment_status":"closed","ping_status":"closed","template":"","meta":{"footnotes":""},"class_list":["post-2709","page","type-page","status-publish","hentry"],"_links":{"self":[{"href":"https:\/\/erlendir.akmennt.is\/index.php\/wp-json\/wp\/v2\/pages\/2709","targetHints":{"allow":["GET"]}}],"collection":[{"href":"https:\/\/erlendir.akmennt.is\/index.php\/wp-json\/wp\/v2\/pages"}],"about":[{"href":"https:\/\/erlendir.akmennt.is\/index.php\/wp-json\/wp\/v2\/types\/page"}],"author":[{"embeddable":true,"href":"https:\/\/erlendir.akmennt.is\/index.php\/wp-json\/wp\/v2\/users\/4"}],"replies":[{"embeddable":true,"href":"https:\/\/erlendir.akmennt.is\/index.php\/wp-json\/wp\/v2\/comments?post=2709"}],"version-history":[{"count":1,"href":"https:\/\/erlendir.akmennt.is\/index.php\/wp-json\/wp\/v2\/pages\/2709\/revisions"}],"predecessor-version":[{"id":2710,"href":"https:\/\/erlendir.akmennt.is\/index.php\/wp-json\/wp\/v2\/pages\/2709\/revisions\/2710"}],"wp:attachment":[{"href":"https:\/\/erlendir.akmennt.is\/index.php\/wp-json\/wp\/v2\/media?parent=2709"}],"curies":[{"name":"wp","href":"https:\/\/api.w.org\/{rel}","templated":true}]}}