{"id":2575,"date":"2021-06-24T09:44:42","date_gmt":"2021-06-24T09:44:42","guid":{"rendered":"https:\/\/erlendir.akmennt.is\/?page_id=2575"},"modified":"2021-06-24T09:44:42","modified_gmt":"2021-06-24T09:44:42","slug":"islenskir-merkisdagar","status":"publish","type":"page","link":"https:\/\/erlendir.akmennt.is\/index.php\/islenskir-merkisdagar\/","title":{"rendered":"\u00cdslenskir merkisdagar"},"content":{"rendered":"\n<p><a href=\"https:\/\/erlendir.akmennt.is\/wp-content\/uploads\/2021\/02\/islenskir_merkisdagar_arab%C3%ADska.pdf\" data-type=\"URL\" data-id=\"https:\/\/erlendir.akmennt.is\/wp-content\/uploads\/2021\/02\/islenskir_merkisdagar_arab%C3%ADska.pdf\">arab\u00edska<\/a><\/p>\n\n\n\n<p><a href=\"https:\/\/erlendir.akmennt.is\/wp-content\/uploads\/2021\/02\/islenskir_merkisdagar.pdf\" data-type=\"URL\" data-id=\"https:\/\/erlendir.akmennt.is\/wp-content\/uploads\/2021\/02\/islenskir_merkisdagar.pdf\">enska<\/a><\/p>\n\n\n\n<p><a href=\"https:\/\/erlendir.akmennt.is\/wp-content\/uploads\/2021\/02\/merkisdagar_polska.pdf\">p\u00f3lska<\/a><\/p>\n\n\n\n<p><a href=\"https:\/\/erlendir.akmennt.is\/wp-content\/uploads\/2021\/02\/islenskir_merkisdagar_islenska.pdf\">\u00edslenska<\/a><\/p>\n\n\n\n<p><\/p>\n","protected":false},"excerpt":{"rendered":"<p>arab\u00edska enska p\u00f3lska \u00edslenska<\/p>\n","protected":false},"author":1,"featured_media":0,"parent":0,"menu_order":0,"comment_status":"closed","ping_status":"closed","template":"","meta":{"footnotes":""},"class_list":["post-2575","page","type-page","status-publish","hentry"],"_links":{"self":[{"href":"https:\/\/erlendir.akmennt.is\/index.php\/wp-json\/wp\/v2\/pages\/2575","targetHints":{"allow":["GET"]}}],"collection":[{"href":"https:\/\/erlendir.akmennt.is\/index.php\/wp-json\/wp\/v2\/pages"}],"about":[{"href":"https:\/\/erlendir.akmennt.is\/index.php\/wp-json\/wp\/v2\/types\/page"}],"author":[{"embeddable":true,"href":"https:\/\/erlendir.akmennt.is\/index.php\/wp-json\/wp\/v2\/users\/1"}],"replies":[{"embeddable":true,"href":"https:\/\/erlendir.akmennt.is\/index.php\/wp-json\/wp\/v2\/comments?post=2575"}],"version-history":[{"count":1,"href":"https:\/\/erlendir.akmennt.is\/index.php\/wp-json\/wp\/v2\/pages\/2575\/revisions"}],"predecessor-version":[{"id":2576,"href":"https:\/\/erlendir.akmennt.is\/index.php\/wp-json\/wp\/v2\/pages\/2575\/revisions\/2576"}],"wp:attachment":[{"href":"https:\/\/erlendir.akmennt.is\/index.php\/wp-json\/wp\/v2\/media?parent=2575"}],"curies":[{"name":"wp","href":"https:\/\/api.w.org\/{rel}","templated":true}]}}