{"id":2408,"date":"2020-11-11T12:56:33","date_gmt":"2020-11-11T12:56:33","guid":{"rendered":"https:\/\/erlendir.akmennt.is\/?page_id=2408"},"modified":"2020-11-11T13:01:27","modified_gmt":"2020-11-11T13:01:27","slug":"rumenska","status":"publish","type":"page","link":"https:\/\/erlendir.akmennt.is\/index.php\/rumenska\/","title":{"rendered":"R\u00famenska"},"content":{"rendered":"\n<p><strong><em><a href=\"http:\/\/fjolmenning.kopavogur.is\/wp-content\/uploads\/sites\/18\/2020\/11\/ordalisti_stae_rumenska_hh-dhb.pdf?fbclid=IwAR3t4ZMLxslara9t1_UhHfG6pwfI7MxPNHTZS31m-QRIpUGsi384I77SyG4\">Hugtakalisti \u00ed st\u00e6r\u00f0fr\u00e6\u00f0i \u00e1 r\u00famensku \/ \u00edslensku<\/a><\/em><\/strong><\/p>\n","protected":false},"excerpt":{"rendered":"<p>Hugtakalisti \u00ed st\u00e6r\u00f0fr\u00e6\u00f0i \u00e1 r\u00famensku \/ \u00edslensku<\/p>\n","protected":false},"author":2,"featured_media":0,"parent":0,"menu_order":0,"comment_status":"closed","ping_status":"closed","template":"","meta":{"footnotes":""},"class_list":["post-2408","page","type-page","status-publish","hentry"],"_links":{"self":[{"href":"https:\/\/erlendir.akmennt.is\/index.php\/wp-json\/wp\/v2\/pages\/2408","targetHints":{"allow":["GET"]}}],"collection":[{"href":"https:\/\/erlendir.akmennt.is\/index.php\/wp-json\/wp\/v2\/pages"}],"about":[{"href":"https:\/\/erlendir.akmennt.is\/index.php\/wp-json\/wp\/v2\/types\/page"}],"author":[{"embeddable":true,"href":"https:\/\/erlendir.akmennt.is\/index.php\/wp-json\/wp\/v2\/users\/2"}],"replies":[{"embeddable":true,"href":"https:\/\/erlendir.akmennt.is\/index.php\/wp-json\/wp\/v2\/comments?post=2408"}],"version-history":[{"count":2,"href":"https:\/\/erlendir.akmennt.is\/index.php\/wp-json\/wp\/v2\/pages\/2408\/revisions"}],"predecessor-version":[{"id":2413,"href":"https:\/\/erlendir.akmennt.is\/index.php\/wp-json\/wp\/v2\/pages\/2408\/revisions\/2413"}],"wp:attachment":[{"href":"https:\/\/erlendir.akmennt.is\/index.php\/wp-json\/wp\/v2\/media?parent=2408"}],"curies":[{"name":"wp","href":"https:\/\/api.w.org\/{rel}","templated":true}]}}