{"id":2358,"date":"2020-10-29T11:58:30","date_gmt":"2020-10-29T11:58:30","guid":{"rendered":"https:\/\/erlendir.akmennt.is\/?page_id=2358"},"modified":"2020-10-29T12:09:03","modified_gmt":"2020-10-29T12:09:03","slug":"russneska","status":"publish","type":"page","link":"https:\/\/erlendir.akmennt.is\/index.php\/russneska\/","title":{"rendered":"R\u00fassneska"},"content":{"rendered":"\n<p><strong><em><a href=\"https:\/\/mms.is\/sites\/mms.is\/files\/stf_russneska.pdf\">Or\u00f0alistar \u00ed st\u00e6r\u00f0fr\u00e6\u00f0i, 9. bekkur<\/a><\/em><\/strong><\/p>\n\n\n\n<p><strong><em><a href=\"https:\/\/reykjavik.is\/ordalistar-eydublod-og-fleira-hagnytt\">Or\u00f0alistar fyrir leik- og grunnsk\u00f3la. <\/a><\/em><\/strong><a href=\"https:\/\/reykjavik.is\/ordalistar-eydublod-og-fleira-hagnytt\">https:\/\/reykjavik.is\/ordalistar-eydublod-og-fleira-hagnytt<\/a><\/p>\n","protected":false},"excerpt":{"rendered":"<p>Or\u00f0alistar \u00ed st\u00e6r\u00f0fr\u00e6\u00f0i, 9. bekkur Or\u00f0alistar fyrir leik- og grunnsk\u00f3la. https:\/\/reykjavik.is\/ordalistar-eydublod-og-fleira-hagnytt<\/p>\n","protected":false},"author":2,"featured_media":0,"parent":0,"menu_order":0,"comment_status":"closed","ping_status":"closed","template":"","meta":{"footnotes":""},"class_list":["post-2358","page","type-page","status-publish","hentry"],"_links":{"self":[{"href":"https:\/\/erlendir.akmennt.is\/index.php\/wp-json\/wp\/v2\/pages\/2358","targetHints":{"allow":["GET"]}}],"collection":[{"href":"https:\/\/erlendir.akmennt.is\/index.php\/wp-json\/wp\/v2\/pages"}],"about":[{"href":"https:\/\/erlendir.akmennt.is\/index.php\/wp-json\/wp\/v2\/types\/page"}],"author":[{"embeddable":true,"href":"https:\/\/erlendir.akmennt.is\/index.php\/wp-json\/wp\/v2\/users\/2"}],"replies":[{"embeddable":true,"href":"https:\/\/erlendir.akmennt.is\/index.php\/wp-json\/wp\/v2\/comments?post=2358"}],"version-history":[{"count":6,"href":"https:\/\/erlendir.akmennt.is\/index.php\/wp-json\/wp\/v2\/pages\/2358\/revisions"}],"predecessor-version":[{"id":2463,"href":"https:\/\/erlendir.akmennt.is\/index.php\/wp-json\/wp\/v2\/pages\/2358\/revisions\/2463"}],"wp:attachment":[{"href":"https:\/\/erlendir.akmennt.is\/index.php\/wp-json\/wp\/v2\/media?parent=2358"}],"curies":[{"name":"wp","href":"https:\/\/api.w.org\/{rel}","templated":true}]}}