{"id":235,"date":"2015-07-03T13:33:20","date_gmt":"2015-07-03T13:33:20","guid":{"rendered":"https:\/\/erlendir.akmennt.is\/?page_id=235"},"modified":"2020-12-14T09:08:09","modified_gmt":"2020-12-14T09:08:09","slug":"polska-2","status":"publish","type":"page","link":"https:\/\/erlendir.akmennt.is\/index.php\/polska-2\/","title":{"rendered":"p\u00f3lska"},"content":{"rendered":"<p><em><strong>Grunnsk\u00f3larnir \u00e1 Akureyri:<\/strong><\/em><\/p>\n<ul>\n<li><a href=\"https:\/\/erlendir.akmennt.is\/wp-content\/uploads\/2020\/03\/AKUREYRI-POLSKA-ENDURSKODUN-2020.pdf\"><em><strong>Um starf grunnsk\u00f3lanna og uppl\u00fdsingar um hvern sk\u00f3la fyrir sig &#8211; uppfr\u00e6rt \u00ed mars. 2020<\/strong><\/em><\/a><\/li>\n<li><a href=\"https:\/\/erlendir.akmennt.is\/wp-content\/uploads\/2017\/10\/Nr0089-_Akureyrarbaer_polska.pdf\"><em><strong>Sto\u00f0\u00fej\u00f3nusta grunnsk\u00f3lanna<\/strong><\/em><\/a><\/li>\n<\/ul>\n<p><em><strong>Samskipti heimilis og sk\u00f3la:<\/strong><\/em><\/p>\n<ul>\n<li><a href=\"http:\/\/www.adhd.is\/static\/files\/PDFskjol\/adhd-grunnbaeklingur-polska.pdf\"><em><strong>ADHD b\u00e6klingur \u00e1 p\u00f3lsku\/ Co to jest ADHD?<\/strong><\/em><\/a><\/li>\n<li><a href=\"https:\/\/erlendir.akmennt.is\/wp-content\/uploads\/2016\/04\/Bodun-foreldrafundar_polska.pdf\"><em><strong>Bo\u00f0un \u00e1 foreldrafund \u00e1 p\u00f3lsku<\/strong><\/em><\/a><a href=\"https:\/\/erlendir.akmennt.is\/wp-content\/uploads\/2016\/04\/Bodun-foreldrafundar_polska.pdf\"><em><strong><img loading=\"lazy\" decoding=\"async\" class=\"alignright\" src=\"https:\/\/erlendir.akmennt.is\/wp-content\/uploads\/2016\/10\/polski.jpg\" width=\"106\" height=\"93\" \/><\/strong><\/em><\/a><\/li>\n<li><a href=\"https:\/\/erlendir.akmennt.is\/wp-content\/uploads\/2016\/04\/Bodun-foreldrafundar_islenska.pdf\"><em><strong>Bo\u00f0un \u00e1 foreldrafund \u00edslensk \u00fatg\u00e1fa<\/strong><\/em><\/a><\/li>\n<li><a href=\"https:\/\/erlendir.akmennt.is\/wp-content\/uploads\/2020\/02\/fristundastyrkur_2017_ensk-1-2020_.pdf\"><em><strong>Fr\u00edstundastyrkur \/Dop\u0142aty do zaj\u0119\u0107 organizowanych w czasie wolnym 2020<\/strong><\/em><\/a><\/li>\n<li><a href=\"https:\/\/www.heilsugaeslan.is\/library\/Files\/throunarst.-Tannvernd\/Friar_tannlaekningar_Polska_feb_2014.pdf\"><em><strong>Gjaldfrj\u00e1lsar tannl\u00e6kningar barna<\/strong><\/em><\/a><\/li>\n<li><a href=\"http:\/\/tungumalatorg.is\/velkomin\/files\/2015\/01\/Foreldralisti_PL.pdf\"><em><strong>G\u00f3\u00f0 r\u00e1\u00f0 fyrir foreldra<\/strong><\/em><\/a><\/li>\n<li><a href=\"http:\/\/reykjavik.is\/sites\/default\/files\/svid_skjol\/SFS\/skilabod_fra_skola\/skilabod_03_pol.pdf\"><em><strong>Innkaupalisti<\/strong><\/em><\/a><\/li>\n<li><a href=\"https:\/\/erlendir.akmennt.is\/wp-content\/uploads\/2017\/06\/Reykir-Upplysingar_polska_ISL-2017-1.pdf\"><em><strong>Uppl\u00fdsingar vegna Reykjafer\u00f0ar 7. bekkinga<\/strong><\/em><\/a><\/li>\n<li><em><strong><a href=\"https:\/\/erlendir.akmennt.is\/wp-content\/uploads\/2016\/03\/hatidir_polska.pdf\" rel=\"\">Um h\u00e1t\u00ed\u00f0ir<\/a><\/strong><\/em><\/li>\n<li><a href=\"https:\/\/erlendir.akmennt.is\/wp-content\/uploads\/2016\/04\/lidan_og_astundun_polska.pdf\"><em><strong>L\u00ed\u00f0an og \u00e1stundun<\/strong><\/em><\/a><\/li>\n<li><a href=\"https:\/\/erlendir.akmennt.is\/wp-content\/uploads\/2018\/06\/sumarlestur_mms_letnie_czytanie2018_polsk.pdf\"><em><strong>Sumarlestur &#8211; fj\u00f6lbreyttar lestrarhvetjandi lei\u00f0ir<\/strong><\/em><\/a><\/li>\n<li><a href=\"https:\/\/erlendir.akmennt.is\/wp-content\/uploads\/2018\/11\/Samthykkisyfirlysing_vegna_myndat_ak_2018_polska.pdf\"><em><strong>Undirskrift foreldra vegna myndat\u00f6ku o.fl. &#8211; pers\u00f3nuvernd 2018<\/strong><\/em><\/a><\/li>\n<li><a href=\"https:\/\/erlendir.akmennt.is\/wp-content\/uploads\/2018\/11\/Trunadaryfirlysing_Ak_polska.pdf\"><em><strong>Undirskrift foreldra vegna kannana, b\u00edlfer\u00f0a og heims\u00f3kna &#8211; pers\u00f3nuvernd 2018<\/strong><\/em><\/a><\/li>\n<li><a href=\"https:\/\/erlendir.akmennt.is\/wp-content\/uploads\/2016\/03\/Vidbrogd-v.-vedurs_isl_polsk.pdf\"><em><strong>Vi\u00f0br\u00f6g\u00f0 vegna ve\u00f0urs<\/strong><\/em><\/a><\/li>\n<li><a href=\"https:\/\/erlendir.akmennt.is\/wp-content\/uploads\/2018\/01\/laesisrad_polsk.pdf\"><em><strong>L\u00e6sisr\u00e1\u00f0in &#8211; Lengi b\u00fdr a\u00f0 fyrstu ger\u00f0: CZYM SKORUPKA ZA M\u0141ODU NASI\u0104KNIE&#8230;<\/strong><\/em><\/a><\/li>\n<li><em><strong>Hvernig geta foreldrar \u00f6rva\u00f0 m\u00e1l\u00feroska, stutt vi\u00f0 lestur og lesskilning?<\/strong> <\/em>\n<ul>\n<li><a href=\"http:\/\/www.aarhus.dk\/~\/media\/Dokumenter\/MBU\/VI\/Pjecer\/Faelles-ansvar\/0-3-aar\/Faelles-ansvar---Polsk.pdf\"><em><strong>0-3 \u00e1ra<\/strong><\/em><\/a><\/li>\n<li><a href=\"http:\/\/www.aarhus.dk\/~\/media\/Dokumenter\/MBU\/VI\/Pjecer\/Faelles-ansvar\/3-6-aar\/Faelles-ansvar-3-6-aar---polsk.pdf\"><em><strong>3-6 \u00e1ra<\/strong><\/em><\/a><\/li>\n<li><a href=\"http:\/\/www.aarhus.dk\/~\/media\/Dokumenter\/MBU\/VI\/Pjecer\/Faelles-ansvar\/Indskoling\/Faelles-ansvar---indskoling---polsk.pdf\"><em><strong>vi\u00f0 upphaf sk\u00f3lag\u00f6ngu<\/strong><\/em><\/a><\/li>\n<li><a href=\"http:\/\/www.aarhus.dk\/~\/media\/Dokumenter\/MBU\/VI\/Pjecer\/Faelles-ansvar\/mellemtrin\/Faelles-ansvar---mellemtrin---polsk.pdf\"><em><strong>\u00e1 mi\u00f0stigi grunnsk\u00f3la<\/strong><\/em><\/a><\/li>\n<\/ul>\n<\/li>\n<\/ul>\n<p><a href=\"https:\/\/nytt.skolavefurinn.is\/namsgrein\/islenska-bekkir\/nybua\/laerum-islensku-polska?fbclid=IwAR3c0OO3iI9ZY3ESHR7LR0YJnRUioO5-zh-B6H-U--wHgSeU9bTGLIB9KjQ\"><em><strong>N\u00e1msefni fyrir p\u00f3lska nemendur \u00e1 Sk\u00f3lavefnum<\/strong><\/em><\/a><\/p>\n<ul>\n<li><a href=\"https:\/\/wolnelektury.pl\/media\/book\/pdf\/dziewczynka-z-zapalkami.pdf?fbclid=IwAR0SdCpaNhvQ0LjraBmyxa7MEEOLlcH-nck6MljK1h01i91uFuTkAqPs43g\"><em><strong>Litla st\u00falkan me\u00f0 eldsp\u00fdturnar, eftir H.C. Andersen &#8211; \u00e1 p\u00f3lsku<\/strong><\/em><\/a><\/li>\n<\/ul>\n<p><a href=\"http:\/\/fjolmenning.kopavogur.is\/grunnskolar\/byrjendaefni-fyrir-polska-nemendur\/\"><em><strong>Efni fyrir p\u00f3lska byrjendur \u00ed \u00edslensku. Af fj\u00f6lmenningarvef K\u00f3pavogs<\/strong> <\/em><\/a><\/p>\n<p><em><strong>Sk\u00f3laor\u00f0afor\u00f0i:<\/strong><\/em><\/p>\n<ul>\n<li><a href=\"https:\/\/erlendir.akmennt.is\/wp-content\/uploads\/2018\/04\/Polecenia_IS_fyrirmaeli.pdf\"><em><strong>Nokkur fyrirm\u00e6li \u00e1 p\u00f3lsku<\/strong><\/em><\/a><\/li>\n<li><em><strong><a href=\"https:\/\/erlendir.akmennt.is\/wp-content\/uploads\/2016\/03\/sagnir-polska.pdf\" rel=\"\">Algengar sagnir<\/a><\/strong><\/em><\/li>\n<li><em><strong><a href=\"https:\/\/erlendir.akmennt.is\/wp-content\/uploads\/2016\/04\/skoli_polska.pdf\" rel=\"\">Sk\u00f3laor\u00f0afor\u00f0i &#8211; p\u00f3lska<\/a><\/strong><\/em><\/li>\n<li><em><strong><a href=\"https:\/\/erlendir.akmennt.is\/wp-content\/uploads\/2016\/03\/litir_polska-1.pdf\" rel=\"\">litirnir &#8211; p\u00f3lska<\/a><\/strong><\/em><\/li>\n<li><em><strong><a href=\"https:\/\/erlendir.akmennt.is\/wp-content\/uploads\/2016\/03\/malfraedihugtok_2016_1.pdf\" rel=\"\">M\u00e1lfr\u00e6\u00f0ihugt\u00f6k<\/a><\/strong><\/em><\/li>\n<li><em><strong><a href=\"https:\/\/erlendir.akmennt.is\/wp-content\/uploads\/2016\/03\/Fot_polska.pdf\" rel=\"\">N\u00f6fn \u00e1 fatna\u00f0i<\/a><\/strong><\/em><\/li>\n<li><em><strong>Myndr\u00e6n stundaskr\u00e1<\/strong><\/em><\/li>\n<li><a href=\"https:\/\/mms.is\/sites\/mms.is\/files\/stf_polska.pdf\"><em><strong>St\u00e6r\u00f0fr\u00e6\u00f0ihugt\u00f6k \u00e1 p\u00f3lsku, 9. bekkur<\/strong><\/em><\/a><\/li>\n<li><em><strong><a href=\"https:\/\/erlendir.akmennt.is\/wp-content\/uploads\/2016\/03\/Tolurnar_polska.pdf\" rel=\"\">T\u00f6lurnar \u00e1 p\u00f3lsku<\/a><\/strong><\/em><\/li>\n<li><em><strong><a href=\"https:\/\/erlendir.akmennt.is\/wp-content\/uploads\/2016\/03\/Vikudagar_manudir_polsk.pdf\" rel=\"\">Vikudagar_manudir_polsk<\/a><\/strong><\/em><\/li>\n<li><a href=\"https:\/\/erlendir.akmennt.is\/wp-content\/uploads\/2016\/11\/efnisheimurinn-4-1.pdf\"><em><strong>Efnisheimurinn- lykilhugt\u00f6k, Emil\u00eda Mlynska<\/strong><\/em><\/a><\/li>\n<li><a href=\"https:\/\/erlendir.akmennt.is\/wp-content\/uploads\/2018\/04\/A_ferd_um_samfelag_10._kafli.pdf\"><em><strong>\u00c1 fer\u00f0 um samf\u00e9lag &#8211; hugt\u00f6k og \u00fatsk\u00fdringar, 10. kafli, Emilia Mlynska<\/strong><\/em><\/a><\/li>\n<li><a href=\"https:\/\/erlendir.akmennt.is\/wp-content\/uploads\/2017\/06\/A_ferd_um_samfelag_8.-kafli.pdf\"><em><strong>\u00c1 fer\u00f0 um samf\u00e9lag &#8211; hugt\u00f6k og \u00fatsk\u00fdringar, 8. kafli, Emilia Mlynska<\/strong><\/em><\/a><\/li>\n<li><a href=\"https:\/\/erlendir.akmennt.is\/wp-content\/uploads\/2017\/06\/A-ferd-um-samfelag_7.-kafli.pdf\"><em><strong>\u00c1 fer\u00f0 um samf\u00e9lag &#8211; hugt\u00f6k og \u00fatsk\u00fdringar, 7. kafli, Emilia Mlynska<\/strong><\/em><\/a><\/li>\n<li><a href=\"https:\/\/erlendir.akmennt.is\/wp-content\/uploads\/2017\/06\/A-ferd-um-samfelag_6.-kafli.pdf\"><em><strong>\u00c1 fer\u00f0 um samf\u00e9lag &#8211; hugt\u00f6k og \u00fatsk\u00fdringar, 6. kafli, Emilia Mlynska<\/strong><\/em><\/a><\/li>\n<li><a href=\"https:\/\/erlendir.akmennt.is\/wp-content\/uploads\/2017\/03\/A_ferd_um_samfelag_5.kafli_.pdf\"><em><strong>\u00c1 fer\u00f0 um samf\u00e9lag &#8211; hugt\u00f6k og \u00fatsk\u00fdringar, 5. kafli, Emilia Mlynska<\/strong><\/em><\/a><\/li>\n<li><a href=\"https:\/\/erlendir.akmennt.is\/wp-content\/uploads\/2017\/06\/A-ferd_um_samfelag_42.pdf\"><em><strong>\u00c1 fer\u00f0 um samf\u00e9lag &#8211; hugt\u00f6k og \u00fatsk\u00fdringar, 4. kafli, Emilia Mlynska<\/strong><\/em><\/a><\/li>\n<li><a href=\"https:\/\/erlendir.akmennt.is\/wp-content\/uploads\/2017\/03\/A_ferd_um_samfelag_3.kafli_.pdf\"><em><strong>\u00c1 fer\u00f0 um samf\u00e9lag &#8211; hugt\u00f6k og \u00fatsk\u00fdringar, 3. kafli, Emilia Mlynska<\/strong><\/em><\/a><\/li>\n<li><a href=\"https:\/\/erlendir.akmennt.is\/wp-content\/uploads\/2018\/03\/A_ferd_um_samfelag_2._kafli.pdf\"><em><strong>\u00c1 fer\u00f0 um samf\u00e9lag &#8211; hugt\u00f6k og \u00fatsk\u00fdringar, 2. kafli, Emilia Mlynska<\/strong><\/em><\/a><\/li>\n<li><a href=\"https:\/\/erlendir.akmennt.is\/wp-content\/uploads\/2018\/02\/A_ferd_um_samfelag_1.pdf\"><em><strong>\u00c1 fer\u00f0 um samf\u00e9lag &#8211; hugt\u00f6k og \u00fatsk\u00fdringar, 1. kafli, Emilia Mlynska<\/strong><\/em><\/a><\/li>\n<li><a href=\"https:\/\/erlendir.akmennt.is\/wp-content\/uploads\/2017\/06\/thjodfelagsfr._polska.pdf\"><em><strong>Or\u00f0alisti \u00far \u00dej\u00f3\u00f0f\u00e9lagsfr\u00e6\u00f0i &#8211; fr\u00e1 grunnsk\u00f3lanum \u00ed Sandger\u00f0i<\/strong><\/em><\/a><\/li>\n<li><a href=\"https:\/\/erlendir.akmennt.is\/wp-content\/uploads\/2017\/09\/ljod_i_tiunda.pdf\"><em><strong>Lj\u00f3\u00f0 \u00ed t\u00edunda. Or\u00f0afor\u00f0i og hugtakask\u00fdringar \u00e1 p\u00f3lsku, Emilia Mlynska<\/strong><\/em><\/a><\/li>\n<\/ul>\n<p><em><strong>Verkefni \u00e1 p\u00f3lsku. \u00de\u00fd\u00f0ingar: Aneta Stanislawa Figlarska:<br \/>\n<\/strong><\/em><\/p>\n<ul>\n<li><a href=\"https:\/\/erlendir.akmennt.is\/wp-content\/uploads\/2016\/12\/Hvar_eiga_ordin_heima_POLSKA_ANETA-1.pdf\"><em><strong>Hvar eiga or\u00f0in heima?<\/strong><\/em><\/a><\/li>\n<li><a href=\"https:\/\/erlendir.akmennt.is\/wp-content\/uploads\/2016\/12\/lesa_skilja_lita_POLSKA_ANETA.pdf\"><em><strong>Lesa, skilja og lita<\/strong><\/em><\/a><\/li>\n<li><a href=\"https:\/\/erlendir.akmennt.is\/wp-content\/uploads\/2016\/12\/Mynd_stafur_ord_POLSKA_ANETA.pdf\"><em><strong>Mynd, stafur og or\u00f0<\/strong><\/em><\/a><\/li>\n<li><a href=\"https:\/\/erlendir.akmennt.is\/wp-content\/uploads\/2016\/12\/Nofn_lita_eftir_kynjum_POLSKA_ATETA.pdf\"><em><strong>N\u00f6fn lita eftir kynjum<\/strong> <\/em><\/a><\/li>\n<li><a href=\"https:\/\/erlendir.akmennt.is\/wp-content\/uploads\/2016\/12\/likaminn_POLSKA_ANETA.pdf\"><em><strong>Or\u00f0 yfir l\u00edkamshluta<\/strong><\/em><\/a><\/li>\n<li><a href=\"https:\/\/erlendir.akmennt.is\/wp-content\/uploads\/2016\/12\/Namsmat_2015_POLSKA_ANETA.pdf\"><em><strong>N\u00e1msmat\/st\u00f6\u00f0umat\/lesskilningur I<\/strong><\/em><\/a><\/li>\n<li><a href=\"https:\/\/erlendir.akmennt.is\/wp-content\/uploads\/2016\/12\/Namsmat_2015_II_POLSKA_ANETA.pdf\"><em><strong>N\u00e1msmat\/st\u00f6\u00f0umat\/lesskilningur\u00a0 II<\/strong><\/em><\/a><\/li>\n<\/ul>\n<p><em><strong>\u00ddmislegt:<\/strong><\/em><\/p>\n<ul>\n<li><a href=\"https:\/\/erlendir.akmennt.is\/wp-content\/uploads\/2017\/12\/jolasveinar_polska.pdf\"><em><strong>Um \u00edslensku j\u00f3lasveinana \u00e1 p\u00f3lsku<\/strong><\/em><\/a><\/li>\n<\/ul>\n","protected":false},"excerpt":{"rendered":"<p>Grunnsk\u00f3larnir \u00e1 Akureyri: Um starf grunnsk\u00f3lanna og uppl\u00fdsingar um hvern sk\u00f3la fyrir sig &#8211; uppfr\u00e6rt \u00ed mars. 2020 Sto\u00f0\u00fej\u00f3nusta grunnsk\u00f3lanna Samskipti heimilis og sk\u00f3la: ADHD b\u00e6klingur \u00e1 p\u00f3lsku\/ Co to jest ADHD? Bo\u00f0un \u00e1 foreldrafund \u00e1 p\u00f3lsku Bo\u00f0un \u00e1 foreldrafund &hellip; <a href=\"https:\/\/erlendir.akmennt.is\/index.php\/polska-2\/\">Halda \u00e1fram a\u00f0 lesa <span class=\"meta-nav\">&rarr;<\/span><\/a><\/p>\n","protected":false},"author":2,"featured_media":0,"parent":0,"menu_order":0,"comment_status":"closed","ping_status":"closed","template":"","meta":{"footnotes":""},"class_list":["post-235","page","type-page","status-publish","hentry"],"_links":{"self":[{"href":"https:\/\/erlendir.akmennt.is\/index.php\/wp-json\/wp\/v2\/pages\/235","targetHints":{"allow":["GET"]}}],"collection":[{"href":"https:\/\/erlendir.akmennt.is\/index.php\/wp-json\/wp\/v2\/pages"}],"about":[{"href":"https:\/\/erlendir.akmennt.is\/index.php\/wp-json\/wp\/v2\/types\/page"}],"author":[{"embeddable":true,"href":"https:\/\/erlendir.akmennt.is\/index.php\/wp-json\/wp\/v2\/users\/2"}],"replies":[{"embeddable":true,"href":"https:\/\/erlendir.akmennt.is\/index.php\/wp-json\/wp\/v2\/comments?post=235"}],"version-history":[{"count":88,"href":"https:\/\/erlendir.akmennt.is\/index.php\/wp-json\/wp\/v2\/pages\/235\/revisions"}],"predecessor-version":[{"id":2466,"href":"https:\/\/erlendir.akmennt.is\/index.php\/wp-json\/wp\/v2\/pages\/235\/revisions\/2466"}],"wp:attachment":[{"href":"https:\/\/erlendir.akmennt.is\/index.php\/wp-json\/wp\/v2\/media?parent=235"}],"curies":[{"name":"wp","href":"https:\/\/api.w.org\/{rel}","templated":true}]}}