{"id":2271,"date":"2020-09-10T09:06:34","date_gmt":"2020-09-10T09:06:34","guid":{"rendered":"https:\/\/erlendir.akmennt.is\/?page_id=2271"},"modified":"2020-10-29T09:11:15","modified_gmt":"2020-10-29T09:11:15","slug":"vietnamska","status":"publish","type":"page","link":"https:\/\/erlendir.akmennt.is\/index.php\/vietnamska\/","title":{"rendered":"Vietnamska"},"content":{"rendered":"\n<p><strong><em><a href=\"https:\/\/erlendir.akmennt.is\/wp-content\/uploads\/2020\/09\/namsgreinar_viet.pdf\">Heiti n\u00e1msgreina \u00e1 vietn\u00f6msku<\/a><\/em><\/strong><\/p>\n\n\n\n<p><strong><em><a href=\"https:\/\/erlendir.akmennt.is\/wp-content\/uploads\/2020\/09\/staerdfraedihugtok.pdf\">St\u00e6r\u00f0fr\u00e6\u00f0ihugt\u00f6k \u00e1 vietn\u00f6msku<\/a><\/em><\/strong><br><strong><em><a href=\"https:\/\/mms.is\/sites\/mms.is\/files\/stf_vietnam.pdf\">St\u00e6r\u00f0fr\u00e6\u00f0ihugt\u00f6k MMS \u00e1 vietn\u00f6msku, 9. bekkur<\/a><\/em><\/strong><\/p>\n\n\n\n<p><strong><em><a href=\"https:\/\/erlendir.akmennt.is\/wp-content\/uploads\/2020\/09\/Reykir_vietnamska.pdf\">Uppl\u00fdsingar um Reykjafer\u00f0 \u00e1 vietn\u00f6msku<\/a><\/em><\/strong><\/p>\n","protected":false},"excerpt":{"rendered":"<p>Heiti n\u00e1msgreina \u00e1 vietn\u00f6msku St\u00e6r\u00f0fr\u00e6\u00f0ihugt\u00f6k \u00e1 vietn\u00f6mskuSt\u00e6r\u00f0fr\u00e6\u00f0ihugt\u00f6k MMS \u00e1 vietn\u00f6msku, 9. bekkur Uppl\u00fdsingar um Reykjafer\u00f0 \u00e1 vietn\u00f6msku<\/p>\n","protected":false},"author":2,"featured_media":0,"parent":0,"menu_order":0,"comment_status":"closed","ping_status":"closed","template":"","meta":{"footnotes":""},"class_list":["post-2271","page","type-page","status-publish","hentry"],"_links":{"self":[{"href":"https:\/\/erlendir.akmennt.is\/index.php\/wp-json\/wp\/v2\/pages\/2271","targetHints":{"allow":["GET"]}}],"collection":[{"href":"https:\/\/erlendir.akmennt.is\/index.php\/wp-json\/wp\/v2\/pages"}],"about":[{"href":"https:\/\/erlendir.akmennt.is\/index.php\/wp-json\/wp\/v2\/types\/page"}],"author":[{"embeddable":true,"href":"https:\/\/erlendir.akmennt.is\/index.php\/wp-json\/wp\/v2\/users\/2"}],"replies":[{"embeddable":true,"href":"https:\/\/erlendir.akmennt.is\/index.php\/wp-json\/wp\/v2\/comments?post=2271"}],"version-history":[{"count":6,"href":"https:\/\/erlendir.akmennt.is\/index.php\/wp-json\/wp\/v2\/pages\/2271\/revisions"}],"predecessor-version":[{"id":2349,"href":"https:\/\/erlendir.akmennt.is\/index.php\/wp-json\/wp\/v2\/pages\/2271\/revisions\/2349"}],"wp:attachment":[{"href":"https:\/\/erlendir.akmennt.is\/index.php\/wp-json\/wp\/v2\/media?parent=2271"}],"curies":[{"name":"wp","href":"https:\/\/api.w.org\/{rel}","templated":true}]}}