{"id":2152,"date":"2020-03-18T08:51:57","date_gmt":"2020-03-18T08:51:57","guid":{"rendered":"https:\/\/erlendir.akmennt.is\/?page_id=2152"},"modified":"2020-09-03T09:33:54","modified_gmt":"2020-09-03T09:33:54","slug":"upplysingar-um-reykjaskola","status":"publish","type":"page","link":"https:\/\/erlendir.akmennt.is\/index.php\/upplysingar-um-reykjaskola\/","title":{"rendered":"Uppl\u00fdsingar um Reykjask\u00f3la"},"content":{"rendered":"\n<p><a href=\"https:\/\/erlendir.akmennt.is\/wp-content\/uploads\/2020\/03\/\u0627\u0644\u0645\u062e\u064a\u0645-\u0627\u0644\u0645\u062f\u0631\u0633\u064a-\u0628\u0631\u0627\u064a\u0643\u064a\u0631-\u0647\u0631\u0648\u062a\u0627\u0641\u064a\u0627\u0631\u062f\u0648\u0631-\u0644\u0644\u0635\u0641-\u0627\u0644\u0633\u0627\u0628\u0639-003_Reykjaskoli_2020.pdf\"><strong><em>Um Reykjask\u00f3la &#8211; arab\u00edska<\/em><\/strong><\/a><\/p>\n\n\n\n<p><a href=\"https:\/\/erlendir.akmennt.is\/wp-content\/uploads\/2019\/01\/School-Camp-at-Reykir.pdf\"><strong><em>Um Reykjask\u00f3la &#8211; enska<\/em><\/strong><\/a><\/p>\n\n\n\n<p><a href=\"https:\/\/erlendir.akmennt.is\/wp-content\/uploads\/2020\/03\/Reykir-Upplysingar_polska_ISL-2017-1.pdf\"><strong><em>Um Reykjask\u00f3la &#8211; p\u00f3lska<\/em><\/strong><\/a><\/p>\n\n\n\n<p><strong><a href=\"https:\/\/erlendir.akmennt.is\/wp-content\/uploads\/2020\/09\/Reykir_vietnamska.pdf\"><em>Um Reykjask\u00f3la &#8211; vietnamska<\/em><\/a><\/strong><\/p>\n","protected":false},"excerpt":{"rendered":"<p>Um Reykjask\u00f3la &#8211; arab\u00edska Um Reykjask\u00f3la &#8211; enska Um Reykjask\u00f3la &#8211; p\u00f3lska Um Reykjask\u00f3la &#8211; vietnamska<\/p>\n","protected":false},"author":2,"featured_media":0,"parent":0,"menu_order":0,"comment_status":"closed","ping_status":"closed","template":"","meta":{"footnotes":""},"class_list":["post-2152","page","type-page","status-publish","hentry"],"_links":{"self":[{"href":"https:\/\/erlendir.akmennt.is\/index.php\/wp-json\/wp\/v2\/pages\/2152","targetHints":{"allow":["GET"]}}],"collection":[{"href":"https:\/\/erlendir.akmennt.is\/index.php\/wp-json\/wp\/v2\/pages"}],"about":[{"href":"https:\/\/erlendir.akmennt.is\/index.php\/wp-json\/wp\/v2\/types\/page"}],"author":[{"embeddable":true,"href":"https:\/\/erlendir.akmennt.is\/index.php\/wp-json\/wp\/v2\/users\/2"}],"replies":[{"embeddable":true,"href":"https:\/\/erlendir.akmennt.is\/index.php\/wp-json\/wp\/v2\/comments?post=2152"}],"version-history":[{"count":7,"href":"https:\/\/erlendir.akmennt.is\/index.php\/wp-json\/wp\/v2\/pages\/2152\/revisions"}],"predecessor-version":[{"id":2270,"href":"https:\/\/erlendir.akmennt.is\/index.php\/wp-json\/wp\/v2\/pages\/2152\/revisions\/2270"}],"wp:attachment":[{"href":"https:\/\/erlendir.akmennt.is\/index.php\/wp-json\/wp\/v2\/media?parent=2152"}],"curies":[{"name":"wp","href":"https:\/\/api.w.org\/{rel}","templated":true}]}}