{"id":190,"date":"2015-07-03T11:53:46","date_gmt":"2015-07-03T11:53:46","guid":{"rendered":"https:\/\/erlendir.akmennt.is\/?page_id=190"},"modified":"2018-01-29T09:27:31","modified_gmt":"2018-01-29T09:27:31","slug":"enska","status":"publish","type":"page","link":"https:\/\/erlendir.akmennt.is\/index.php\/enska\/","title":{"rendered":"Enska"},"content":{"rendered":"<ul>\n<li><em><strong><a href=\"https:\/\/erlendir.akmennt.is\/wp-content\/uploads\/2016\/04\/modurmal_english.pdf\" rel=\"\">M\u00f3\u00f0urm\u00e1l &#8211; enska<\/a><\/strong><\/em><\/li>\n<li><em><strong><a href=\"https:\/\/erlendir.akmennt.is\/wp-content\/uploads\/2015\/10\/festivals-and-traditions.pdf\">festivals and traditions<\/a><\/strong><\/em><\/li>\n<li><em><strong><a href=\"https:\/\/erlendir.akmennt.is\/wp-content\/uploads\/2015\/10\/Preschool-information.pdf\">Preschool information<\/a><\/strong><\/em><\/li>\n<li><em><strong><a href=\"https:\/\/erlendir.akmennt.is\/wp-content\/uploads\/2016\/04\/Vi__og_bo_rnin_okkar_I_sl_En.pdf\" rel=\"\">Vi\u00f0 og b\u00f6rnin okkar &#8211; enska<\/a><\/strong><\/em><\/li>\n<li><a href=\"http:\/\/tungumalatorg.is\/velkomin\/files\/2015\/01\/Foreldralisti_EN.pdf\"><em><strong>G\u00f3\u00f0 r\u00e1\u00f0 fyrir foreldra<\/strong><\/em><\/a><\/li>\n<li><a href=\"https:\/\/erlendir.akmennt.is\/wp-content\/uploads\/2018\/01\/laesisradin_-_enska_utgafan.pdf\"><em><strong>L\u00e6sisr\u00e1\u00f0in, Lengi b\u00fdr a\u00f0 fyrstu ger\u00f0 &#8211; The longest journey starts with a single step<\/strong><\/em><\/a><\/li>\n<\/ul>\n<p>&nbsp;<\/p>\n<p align=\"center\"><span style=\"color: #0000ff; font-size: x-large;\"><b>Or\u00f0alistar \u00e1 \u00fdmsum tungum\u00e1lum (Reykjav\u00edkurborg)<br \/>\n<\/b><\/span><span style=\"color: #0000ff; font-size: large;\"><a href=\"http:\/\/reykjavik.is\/ordalistar-og-fleira-hagnytt\">http:\/\/reykjavik.is\/ordalistar-og-fleira-hagnytt<\/a><\/span><\/p>\n<p align=\"center\"><b><span style=\"color: #0000ff; font-size: x-large;\">Skilabo\u00f0 fr\u00e1 leiksk\u00f3lum til heimila \u00e1 \u00fdmsum tungum\u00e1lum (Reykjavikurborg)<br \/>\n<\/span><\/b><span style=\"color: #0000ff; font-size: large;\"><a href=\"http:\/\/reykjavik.is\/skilabod-fra-skola\">http:\/\/reykjavik.is\/skilabod-fra-skola<\/a><\/span><span style=\"color: #0000ff; font-size: x-large;\"><b><br \/>\n<\/b><\/span><\/p>\n","protected":false},"excerpt":{"rendered":"<p>M\u00f3\u00f0urm\u00e1l &#8211; enska festivals and traditions Preschool information Vi\u00f0 og b\u00f6rnin okkar &#8211; enska G\u00f3\u00f0 r\u00e1\u00f0 fyrir foreldra L\u00e6sisr\u00e1\u00f0in, Lengi b\u00fdr a\u00f0 fyrstu ger\u00f0 &#8211; The longest journey starts with a single step &nbsp; Or\u00f0alistar \u00e1 \u00fdmsum tungum\u00e1lum (Reykjav\u00edkurborg) http:\/\/reykjavik.is\/ordalistar-og-fleira-hagnytt &hellip; <a href=\"https:\/\/erlendir.akmennt.is\/index.php\/enska\/\">Halda \u00e1fram a\u00f0 lesa <span class=\"meta-nav\">&rarr;<\/span><\/a><\/p>\n","protected":false},"author":2,"featured_media":0,"parent":0,"menu_order":0,"comment_status":"closed","ping_status":"closed","template":"","meta":{"footnotes":""},"class_list":["post-190","page","type-page","status-publish","hentry"],"_links":{"self":[{"href":"https:\/\/erlendir.akmennt.is\/index.php\/wp-json\/wp\/v2\/pages\/190","targetHints":{"allow":["GET"]}}],"collection":[{"href":"https:\/\/erlendir.akmennt.is\/index.php\/wp-json\/wp\/v2\/pages"}],"about":[{"href":"https:\/\/erlendir.akmennt.is\/index.php\/wp-json\/wp\/v2\/types\/page"}],"author":[{"embeddable":true,"href":"https:\/\/erlendir.akmennt.is\/index.php\/wp-json\/wp\/v2\/users\/2"}],"replies":[{"embeddable":true,"href":"https:\/\/erlendir.akmennt.is\/index.php\/wp-json\/wp\/v2\/comments?post=190"}],"version-history":[{"count":9,"href":"https:\/\/erlendir.akmennt.is\/index.php\/wp-json\/wp\/v2\/pages\/190\/revisions"}],"predecessor-version":[{"id":1595,"href":"https:\/\/erlendir.akmennt.is\/index.php\/wp-json\/wp\/v2\/pages\/190\/revisions\/1595"}],"wp:attachment":[{"href":"https:\/\/erlendir.akmennt.is\/index.php\/wp-json\/wp\/v2\/media?parent=190"}],"curies":[{"name":"wp","href":"https:\/\/api.w.org\/{rel}","templated":true}]}}