{"id":166,"date":"2015-07-03T10:54:32","date_gmt":"2015-07-03T10:54:32","guid":{"rendered":"https:\/\/erlendir.akmennt.is\/?page_id=166"},"modified":"2015-07-03T13:02:23","modified_gmt":"2015-07-03T13:02:23","slug":"kvedjur","status":"publish","type":"page","link":"https:\/\/erlendir.akmennt.is\/index.php\/kvedjur\/","title":{"rendered":"Kve\u00f0jur"},"content":{"rendered":"<p style=\"text-align: center;\"><strong>Kve\u00f0jur \u00e1 \u00fdmsum tungum\u00e1lum<\/strong><\/p>\n<p style=\"text-align: center;\"><strong>Albanska:<\/strong><br \/>\nG\u00f3\u00f0an dag: Mir\u00ebm\u00ebngjes<br \/>\nVelkomin \u00ed sk\u00f3lann: Mir\u00eb se vini n\u00eb shkoll\u00eb<\/p>\n<p style=\"text-align: center;\"><strong>Eistneska:<\/strong><br \/>\nG\u00f3\u00f0an dag: Tere p\u00e4evast!<br \/>\nTakk fyrir daginn: Ait\u00e4h p\u00e4eva eest!<br \/>\nVelkomin \u00ed sk\u00f3lann: Tere tulemast kooli!<\/p>\n<p style=\"text-align: center;\"><strong>Franska:<\/strong><br \/>\nG\u00f3\u00f0an dag: Bon jour!<br \/>\nTakk fyrir daginn: Merci pour la jour!<br \/>\nVelkomin \u00ed sk\u00f3lann: Bienvenue \u00e0 l&#8217;\u00e9cole!<\/p>\n<p style=\"text-align: center;\"><strong>Gr\u00e6nlenska :<\/strong><br \/>\nG\u00f3\u00f0an dag : Kutaa<br \/>\nTakk fyrir daginn : Ullormut qujanaq (Ulloq &#8211; Daginn, Qujanaq &#8211; Takk )<br \/>\nVelkomin \u00ed sk\u00f3lann: Atuarfimmut tikilluaritsi (Atuarfik- Sk\u00f3li, Tikilluaritsi- Velkomin)<br \/>\nTakk: Qujanaq<br \/>\nVi\u00f0 heyrumst aftur: Tusaqqissuungut<br \/>\nNj\u00f3ttu dagsins: Ulloq atorluariuk<br \/>\nMe\u00f0 k\u00e6rri kve\u00f0ju: Inussiarnersumik inuulluarit<\/p>\n<p style=\"text-align: center;\"><strong>Hindi :<\/strong><br \/>\nG\u00f3\u00f0an dag :<br \/>\nVelkomin :<\/p>\n<p style=\"text-align: center;\"><strong>Lettneska:<\/strong><br \/>\nG\u00f3\u00f0an dag: Labdien!<br \/>\nTakk fyrir daginn: = Paldies (par \u0161o dienu) , vi\u00f0 segjum bara \u00b4takk\u00b4 &#8211; paldies!<br \/>\nVelkomin \u00ed sk\u00f3lann: Laipni aicin\u0101ti skol\u0101!<\/p>\n<p style=\"text-align: center;\"><strong>Lith\u00e1\u00edska:<\/strong><br \/>\nG\u00f3\u00f0an dag: Laba diena<br \/>\nVelkomin \u00ed sk\u00f3lann: Sveiki atvyk\u0119 \u012f mokykl\u0105<br \/>\nTakk fyrir daginn: : Iki e\u00f0a Viso gero<\/p>\n<p style=\"text-align: center;\"><strong>Port\u00fagalska:<\/strong><br \/>\nG\u00f3\u00f0an dag: Bom dia!<br \/>\nTakk fyrir daginn: At\u00e9 amanh\u00e3 (sj\u00e1umst \u00e1 morgun!)<br \/>\nVelkomin \u00ed sk\u00f3lann: Bem-vindo\/vinda \u00e0 escola!<\/p>\n<p style=\"text-align: center;\"><strong>P\u00f3lska:<\/strong><br \/>\nG\u00f3\u00f0an dag: Dzie\u0144 dobry!<br \/>\nTakk fyrir daginn: Dzisiejszy dzie\u0144!<br \/>\nVelkomin \u00ed sk\u00f3lann: Witamy w szkole!<\/p>\n<p style=\"text-align: center;\"><strong>R\u00famenska:<\/strong><br \/>\nG\u00f3\u00f0an dag: Bun\u0103 ziua!<br \/>\nTakk fyrir daginn:<br \/>\nVelkomin \u00ed sk\u00f3lann: Bine ati venit la \u0219coal\u0103!<\/p>\n<p style=\"text-align: center;\"><strong>Sp\u00e6nska:<\/strong><br \/>\nG\u00f3\u00f0an dag: Buenos d\u00edas!<br \/>\nTakk fyrir daginn: Gracias por el d\u00eda!<br \/>\nVelkomin \u00ed sk\u00f3lann: Bienvenido a la escuela!<\/p>\n<p style=\"text-align: center;\"><strong>\u00de\u00fdska:<\/strong><br \/>\nG\u00f3\u00f0an dag: Guten Tag!<br \/>\nTakk fyrir daginn: \u201eSch\u00f6nen Tag (noch)\u201c er stytting \u00e1 kve\u00f0junni: Ich wunche<br \/>\neinen sch\u00f6nen Tag \u2013 \u00ed lok vikunnar: \u201eSch\u00f6nes Wochenende\u201c!<br \/>\nVelkomin \u00ed sk\u00f3lann: Willkommen in der Schule!<\/p>\n","protected":false},"excerpt":{"rendered":"<p>Kve\u00f0jur \u00e1 \u00fdmsum tungum\u00e1lum Albanska: G\u00f3\u00f0an dag: Mir\u00ebm\u00ebngjes Velkomin \u00ed sk\u00f3lann: Mir\u00eb se vini n\u00eb shkoll\u00eb Eistneska: G\u00f3\u00f0an dag: Tere p\u00e4evast! Takk fyrir daginn: Ait\u00e4h p\u00e4eva eest! Velkomin \u00ed sk\u00f3lann: Tere tulemast kooli! Franska: G\u00f3\u00f0an dag: Bon jour! Takk fyrir &hellip; <a href=\"https:\/\/erlendir.akmennt.is\/index.php\/kvedjur\/\">Halda \u00e1fram a\u00f0 lesa <span class=\"meta-nav\">&rarr;<\/span><\/a><\/p>\n","protected":false},"author":2,"featured_media":0,"parent":0,"menu_order":0,"comment_status":"closed","ping_status":"closed","template":"full-width-page.php","meta":{"footnotes":""},"class_list":["post-166","page","type-page","status-publish","hentry"],"_links":{"self":[{"href":"https:\/\/erlendir.akmennt.is\/index.php\/wp-json\/wp\/v2\/pages\/166","targetHints":{"allow":["GET"]}}],"collection":[{"href":"https:\/\/erlendir.akmennt.is\/index.php\/wp-json\/wp\/v2\/pages"}],"about":[{"href":"https:\/\/erlendir.akmennt.is\/index.php\/wp-json\/wp\/v2\/types\/page"}],"author":[{"embeddable":true,"href":"https:\/\/erlendir.akmennt.is\/index.php\/wp-json\/wp\/v2\/users\/2"}],"replies":[{"embeddable":true,"href":"https:\/\/erlendir.akmennt.is\/index.php\/wp-json\/wp\/v2\/comments?post=166"}],"version-history":[{"count":4,"href":"https:\/\/erlendir.akmennt.is\/index.php\/wp-json\/wp\/v2\/pages\/166\/revisions"}],"predecessor-version":[{"id":197,"href":"https:\/\/erlendir.akmennt.is\/index.php\/wp-json\/wp\/v2\/pages\/166\/revisions\/197"}],"wp:attachment":[{"href":"https:\/\/erlendir.akmennt.is\/index.php\/wp-json\/wp\/v2\/media?parent=166"}],"curies":[{"name":"wp","href":"https:\/\/api.w.org\/{rel}","templated":true}]}}