{"id":141,"date":"2015-07-03T10:18:09","date_gmt":"2015-07-03T10:18:09","guid":{"rendered":"https:\/\/erlendir.akmennt.is\/?page_id=141"},"modified":"2020-10-29T09:07:52","modified_gmt":"2020-10-29T09:07:52","slug":"spaenska","status":"publish","type":"page","link":"https:\/\/erlendir.akmennt.is\/index.php\/spaenska\/","title":{"rendered":"Sp\u00e6nska"},"content":{"rendered":"<ul>\n<li><em><strong><a href=\"https:\/\/erlendir.akmennt.is\/wp-content\/uploads\/2016\/04\/Colores.pdf\" rel=\"\">Colores_litirnir \u00e1 sp\u00e6nsku<\/a><\/strong><\/em><\/li>\n<li><em><strong><a href=\"https:\/\/erlendir.akmennt.is\/wp-content\/uploads\/2016\/04\/Hatidir_spaenska.pdf\" rel=\"\">H\u00e1t\u00ed\u00f0ir &#8211; sp\u00e6nska<\/a><\/strong><\/em><\/li>\n<li><em><strong><a href=\"https:\/\/erlendir.akmennt.is\/wp-content\/uploads\/2016\/04\/myndraen_stundaskra.pdf\" rel=\"\">Myndr\u00e6n stundaskr\u00e1<\/a><\/strong><\/em><\/li>\n<li><em><strong><a href=\"https:\/\/erlendir.akmennt.is\/wp-content\/uploads\/2016\/04\/skoli_spaenska_ordalisti.pdf\" rel=\"\">Sk\u00f3linn; or\u00f0alisti \u00e1 sp\u00e6nsku<\/a><\/strong><\/em><\/li>\n<li><a href=\"https:\/\/mms.is\/sites\/mms.is\/files\/stf_spanska.pdf\"><em><strong>St\u00e6r\u00f0fr\u00e6\u00f0i &#8211; or\u00f0alisti \u00e1 sp\u00e6nsku, 9. bekkur<\/strong><\/em><\/a><\/li>\n<li><em><strong><a href=\"https:\/\/erlendir.akmennt.is\/wp-content\/uploads\/2016\/04\/Tolurnar-islenska_spaensku.pdf\" rel=\"\">T\u00f6lurnar \u00e1 \u00edslensku og sp\u00e6nsku<\/a><\/strong><\/em><\/li>\n<li><em><strong><a href=\"https:\/\/erlendir.akmennt.is\/wp-content\/uploads\/2016\/04\/Vikudagarnir_spaenska.pdf\" rel=\"\">Vikudagarnir &#8211; sp\u00e6nska<\/a><\/strong><\/em><\/li>\n<li><\/li>\n<\/ul>\n<ul>\n<li><a href=\"http:\/\/tungumalatorg.is\/velkomin\/files\/2015\/01\/Foreldralisti_ES.pdf\"><em><strong>G\u00f3\u00f0 r\u00e1\u00f0 fyrir foreldra<\/strong><\/em><\/a><b><\/b><\/li>\n<\/ul>\n<ul>\n<li><span style=\"color: #0000ff; font-size: x-large;\"><b>Or\u00f0alistar \u00e1 \u00fdmsum tungum\u00e1lum (Reykjav\u00edkurborg)<br \/>\n<\/b><\/span><span style=\"color: #0000ff; font-size: large;\"><a href=\"http:\/\/reykjavik.is\/ordalistar-og-fleira-hagnytt\">http:\/\/reykjavik.is\/ordalistar-og-fleira-hagnytt<\/a><\/span><b><\/b><\/li>\n<li><\/li>\n<li><b><span style=\"color: #0000ff; font-size: x-large;\">Skilabo\u00f0 fr\u00e1 leiksk\u00f3lum til heimila \u00e1 \u00fdmsum tungum\u00e1lum (Reykjavikurborg)<br \/>\n<\/span><\/b><span style=\"color: #0000ff; font-size: large;\"><a href=\"http:\/\/reykjavik.is\/skilabod-fra-skola\">http:\/\/reykjavik.is\/skilabod-fra-skola<\/a><\/span><span style=\"color: #0000ff; font-size: x-large;\"><b><br \/>\n<\/b><\/span><\/li>\n<\/ul>\n","protected":false},"excerpt":{"rendered":"<p>Colores_litirnir \u00e1 sp\u00e6nsku H\u00e1t\u00ed\u00f0ir &#8211; sp\u00e6nska Myndr\u00e6n stundaskr\u00e1 Sk\u00f3linn; or\u00f0alisti \u00e1 sp\u00e6nsku St\u00e6r\u00f0fr\u00e6\u00f0i &#8211; or\u00f0alisti \u00e1 sp\u00e6nsku, 9. bekkur T\u00f6lurnar \u00e1 \u00edslensku og sp\u00e6nsku Vikudagarnir &#8211; sp\u00e6nska G\u00f3\u00f0 r\u00e1\u00f0 fyrir foreldra Or\u00f0alistar \u00e1 \u00fdmsum tungum\u00e1lum (Reykjav\u00edkurborg) http:\/\/reykjavik.is\/ordalistar-og-fleira-hagnytt Skilabo\u00f0 fr\u00e1 leiksk\u00f3lum &hellip; <a href=\"https:\/\/erlendir.akmennt.is\/index.php\/spaenska\/\">Halda \u00e1fram a\u00f0 lesa <span class=\"meta-nav\">&rarr;<\/span><\/a><\/p>\n","protected":false},"author":2,"featured_media":0,"parent":0,"menu_order":0,"comment_status":"closed","ping_status":"closed","template":"","meta":{"footnotes":""},"class_list":["post-141","page","type-page","status-publish","hentry"],"_links":{"self":[{"href":"https:\/\/erlendir.akmennt.is\/index.php\/wp-json\/wp\/v2\/pages\/141","targetHints":{"allow":["GET"]}}],"collection":[{"href":"https:\/\/erlendir.akmennt.is\/index.php\/wp-json\/wp\/v2\/pages"}],"about":[{"href":"https:\/\/erlendir.akmennt.is\/index.php\/wp-json\/wp\/v2\/types\/page"}],"author":[{"embeddable":true,"href":"https:\/\/erlendir.akmennt.is\/index.php\/wp-json\/wp\/v2\/users\/2"}],"replies":[{"embeddable":true,"href":"https:\/\/erlendir.akmennt.is\/index.php\/wp-json\/wp\/v2\/comments?post=141"}],"version-history":[{"count":9,"href":"https:\/\/erlendir.akmennt.is\/index.php\/wp-json\/wp\/v2\/pages\/141\/revisions"}],"predecessor-version":[{"id":2347,"href":"https:\/\/erlendir.akmennt.is\/index.php\/wp-json\/wp\/v2\/pages\/141\/revisions\/2347"}],"wp:attachment":[{"href":"https:\/\/erlendir.akmennt.is\/index.php\/wp-json\/wp\/v2\/media?parent=141"}],"curies":[{"name":"wp","href":"https:\/\/api.w.org\/{rel}","templated":true}]}}