{"id":135,"date":"2015-07-03T10:17:34","date_gmt":"2015-07-03T10:17:34","guid":{"rendered":"https:\/\/erlendir.akmennt.is\/?page_id=135"},"modified":"2017-01-11T14:17:35","modified_gmt":"2017-01-11T14:17:35","slug":"lithaiska","status":"publish","type":"page","link":"https:\/\/erlendir.akmennt.is\/index.php\/lithaiska\/","title":{"rendered":"Lith\u00e1\u00edska"},"content":{"rendered":"<ul>\n<li><em><strong><a href=\"https:\/\/erlendir.akmennt.is\/wp-content\/uploads\/2016\/03\/Fatnadur-lithaiska.pdf\" rel=\"\">Fatna\u00f0ur &#8211; lith\u00e1\u00edska<\/a><\/strong><\/em><\/li>\n<li><em><strong><a href=\"https:\/\/erlendir.akmennt.is\/wp-content\/uploads\/2016\/03\/Friar_tannlaekningar_lith.pdf\" rel=\"\">Friar tannl\u00e6kningar &#8211; lith\u00e1iska<\/a><\/strong><\/em><\/li>\n<li><em><strong><a href=\"https:\/\/erlendir.akmennt.is\/wp-content\/uploads\/2016\/03\/Litir-Lithaiska.pdf\" rel=\"\">Litirnir &#8211; lithaiska<\/a><\/strong><\/em><\/li>\n<li><em><strong><a href=\"https:\/\/erlendir.akmennt.is\/wp-content\/uploads\/2016\/03\/Tolurnar_lithaiska.pdf\" rel=\"\">T\u00f6lurnar &#8211; lith\u00e1\u00edska<\/a><\/strong><\/em><\/li>\n<li><em><strong><a href=\"https:\/\/erlendir.akmennt.is\/wp-content\/uploads\/2016\/03\/Vikudagar_lithaiska.pdf\" rel=\"\">Vikudagarnir &#8211; lith\u00e1\u00edska<br \/>\n<\/a><\/strong><\/em><\/li>\n<li><a href=\"http:\/\/tungumalatorg.is\/velkomin\/files\/2015\/01\/Foreldralisti_LIT.pdf\"><em><strong>G\u00f3\u00f0 r\u00e1\u00f0 fyrir foreldra<\/strong><\/em><\/a><\/li>\n<\/ul>\n<p>&nbsp;<\/p>\n","protected":false},"excerpt":{"rendered":"<p>Fatna\u00f0ur &#8211; lith\u00e1\u00edska Friar tannl\u00e6kningar &#8211; lith\u00e1iska Litirnir &#8211; lithaiska T\u00f6lurnar &#8211; lith\u00e1\u00edska Vikudagarnir &#8211; lith\u00e1\u00edska G\u00f3\u00f0 r\u00e1\u00f0 fyrir foreldra &nbsp;<\/p>\n","protected":false},"author":2,"featured_media":0,"parent":0,"menu_order":0,"comment_status":"closed","ping_status":"closed","template":"","meta":{"footnotes":""},"class_list":["post-135","page","type-page","status-publish","hentry"],"_links":{"self":[{"href":"https:\/\/erlendir.akmennt.is\/index.php\/wp-json\/wp\/v2\/pages\/135","targetHints":{"allow":["GET"]}}],"collection":[{"href":"https:\/\/erlendir.akmennt.is\/index.php\/wp-json\/wp\/v2\/pages"}],"about":[{"href":"https:\/\/erlendir.akmennt.is\/index.php\/wp-json\/wp\/v2\/types\/page"}],"author":[{"embeddable":true,"href":"https:\/\/erlendir.akmennt.is\/index.php\/wp-json\/wp\/v2\/users\/2"}],"replies":[{"embeddable":true,"href":"https:\/\/erlendir.akmennt.is\/index.php\/wp-json\/wp\/v2\/comments?post=135"}],"version-history":[{"count":5,"href":"https:\/\/erlendir.akmennt.is\/index.php\/wp-json\/wp\/v2\/pages\/135\/revisions"}],"predecessor-version":[{"id":1196,"href":"https:\/\/erlendir.akmennt.is\/index.php\/wp-json\/wp\/v2\/pages\/135\/revisions\/1196"}],"wp:attachment":[{"href":"https:\/\/erlendir.akmennt.is\/index.php\/wp-json\/wp\/v2\/media?parent=135"}],"curies":[{"name":"wp","href":"https:\/\/api.w.org\/{rel}","templated":true}]}}