{"id":132,"date":"2015-07-03T10:17:15","date_gmt":"2015-07-03T10:17:15","guid":{"rendered":"https:\/\/erlendir.akmennt.is\/?page_id=132"},"modified":"2020-03-18T09:39:02","modified_gmt":"2020-03-18T09:39:02","slug":"lettneska","status":"publish","type":"page","link":"https:\/\/erlendir.akmennt.is\/index.php\/lettneska\/","title":{"rendered":"Lettneska"},"content":{"rendered":"<ul>\n<li><em><strong><a href=\"https:\/\/erlendir.akmennt.is\/wp-content\/uploads\/2016\/03\/hugtok_i-staerdfr-_lettneska.pdf\" rel=\"\">Hugt\u00f6k \u00ed st\u00e6r\u00f0fr\u00e6\u00f0i &#8211; lettneska<\/a><\/strong><\/em><\/li>\n<li><em><strong><a href=\"https:\/\/erlendir.akmennt.is\/wp-content\/uploads\/2016\/03\/litir_lettneska.pdf\" rel=\"\">litirnir &#8211; lettneska<\/a><\/strong><\/em><\/li>\n<li><em><strong><a href=\"https:\/\/erlendir.akmennt.is\/wp-content\/uploads\/2016\/03\/Lettnesk_ordalisti.pdf\" rel=\"\">Or\u00f0alisti &#8211; lettneska<\/a><\/strong><\/em><\/li>\n<li><em><strong><a href=\"https:\/\/erlendir.akmennt.is\/wp-content\/uploads\/2016\/03\/lettneska_tolur.pdf\" rel=\"\">T\u00f6lurnar &#8211; lettneska<\/a><\/strong><\/em><\/li>\n<li><\/li>\n<li><em><strong>Fyrir foreldra:<\/strong><\/em><br \/>\n<a href=\"https:\/\/erlendir.akmennt.is\/wp-content\/uploads\/2020\/02\/fristundastyrkur_2017_ensk-1-2020_.pdf\" data-wplink-edit=\"true\"><em><strong>Fr\u00edstundastyrkur \u00e1ri\u00f0 2020<\/strong><\/em><\/a><\/li>\n<\/ul>\n","protected":false},"excerpt":{"rendered":"<p>Hugt\u00f6k \u00ed st\u00e6r\u00f0fr\u00e6\u00f0i &#8211; lettneska litirnir &#8211; lettneska Or\u00f0alisti &#8211; lettneska T\u00f6lurnar &#8211; lettneska Fyrir foreldra: Fr\u00edstundastyrkur \u00e1ri\u00f0 2020<\/p>\n","protected":false},"author":2,"featured_media":0,"parent":0,"menu_order":0,"comment_status":"closed","ping_status":"closed","template":"","meta":{"footnotes":""},"class_list":["post-132","page","type-page","status-publish","hentry"],"_links":{"self":[{"href":"https:\/\/erlendir.akmennt.is\/index.php\/wp-json\/wp\/v2\/pages\/132","targetHints":{"allow":["GET"]}}],"collection":[{"href":"https:\/\/erlendir.akmennt.is\/index.php\/wp-json\/wp\/v2\/pages"}],"about":[{"href":"https:\/\/erlendir.akmennt.is\/index.php\/wp-json\/wp\/v2\/types\/page"}],"author":[{"embeddable":true,"href":"https:\/\/erlendir.akmennt.is\/index.php\/wp-json\/wp\/v2\/users\/2"}],"replies":[{"embeddable":true,"href":"https:\/\/erlendir.akmennt.is\/index.php\/wp-json\/wp\/v2\/comments?post=132"}],"version-history":[{"count":5,"href":"https:\/\/erlendir.akmennt.is\/index.php\/wp-json\/wp\/v2\/pages\/132\/revisions"}],"predecessor-version":[{"id":2168,"href":"https:\/\/erlendir.akmennt.is\/index.php\/wp-json\/wp\/v2\/pages\/132\/revisions\/2168"}],"wp:attachment":[{"href":"https:\/\/erlendir.akmennt.is\/index.php\/wp-json\/wp\/v2\/media?parent=132"}],"curies":[{"name":"wp","href":"https:\/\/api.w.org\/{rel}","templated":true}]}}