{"id":129,"date":"2015-07-03T10:16:49","date_gmt":"2015-07-03T10:16:49","guid":{"rendered":"https:\/\/erlendir.akmennt.is\/?page_id=129"},"modified":"2020-10-29T09:02:08","modified_gmt":"2020-10-29T09:02:08","slug":"eistneska","status":"publish","type":"page","link":"https:\/\/erlendir.akmennt.is\/index.php\/eistneska\/","title":{"rendered":"Eistneska"},"content":{"rendered":"<ul>\n<li><em><strong><a href=\"https:\/\/erlendir.akmennt.is\/wp-content\/uploads\/2016\/04\/Litirnir_eistneska.pdf\" rel=\"\">Litirnir_eistneska<\/a><\/strong><\/em><\/li>\n<li><em><strong><a href=\"https:\/\/erlendir.akmennt.is\/wp-content\/uploads\/2016\/04\/tolurnar_eistneska.pdf\" rel=\"\">T\u00f6lurnar \u00e1 eistnesku<\/a><\/strong><\/em><\/li>\n<li><em><strong><a href=\"https:\/\/erlendir.akmennt.is\/wp-content\/uploads\/2016\/04\/vikudagar_manudir_eist.pdf\" rel=\"\">Vikudagar og m\u00e1nu\u00f0ir \u00e1 eistnesku<\/a><\/strong><\/em><\/li>\n<li><a href=\"https:\/\/mms.is\/sites\/mms.is\/files\/stf_eistneska.pdf\" data-wplink-edit=\"true\"><em><strong>St\u00e6r\u00f0fr\u00e6\u00f0i, or\u00f0alistar f. 9. bekk<\/strong><\/em><\/a><\/li>\n<\/ul>\n<p align=\"center\"><span style=\"color: #0000ff; font-size: x-large;\"><b>Or\u00f0alistar \u00e1 \u00fdmsum tungum\u00e1lum (Reykjav\u00edkurborg)<br \/>\n<\/b><\/span><span style=\"color: #0000ff; font-size: large;\"><a href=\"http:\/\/reykjavik.is\/ordalistar-og-fleira-hagnytt\">http:\/\/reykjavik.is\/ordalistar-og-fleira-hagnytt<\/a><\/span><\/p>\n<p align=\"center\"><b><span style=\"color: #0000ff; font-size: x-large;\">Skilabo\u00f0 fr\u00e1 leiksk\u00f3lum til heimila \u00e1 \u00fdmsum tungum\u00e1lum (Reykjavikurborg)<br \/>\n<\/span><\/b><span style=\"color: #0000ff; font-size: large;\"><a href=\"http:\/\/reykjavik.is\/skilabod-fra-skola\">http:\/\/reykjavik.is\/skilabod-fra-skola<\/a><\/span><span style=\"color: #0000ff; font-size: x-large;\"><b><br \/>\n<\/b><\/span><\/p>\n","protected":false},"excerpt":{"rendered":"<p>Litirnir_eistneska T\u00f6lurnar \u00e1 eistnesku Vikudagar og m\u00e1nu\u00f0ir \u00e1 eistnesku St\u00e6r\u00f0fr\u00e6\u00f0i, or\u00f0alistar f. 9. bekk Or\u00f0alistar \u00e1 \u00fdmsum tungum\u00e1lum (Reykjav\u00edkurborg) http:\/\/reykjavik.is\/ordalistar-og-fleira-hagnytt Skilabo\u00f0 fr\u00e1 leiksk\u00f3lum til heimila \u00e1 \u00fdmsum tungum\u00e1lum (Reykjavikurborg) http:\/\/reykjavik.is\/skilabod-fra-skola<\/p>\n","protected":false},"author":2,"featured_media":0,"parent":0,"menu_order":0,"comment_status":"closed","ping_status":"closed","template":"","meta":{"footnotes":""},"class_list":["post-129","page","type-page","status-publish","hentry"],"_links":{"self":[{"href":"https:\/\/erlendir.akmennt.is\/index.php\/wp-json\/wp\/v2\/pages\/129","targetHints":{"allow":["GET"]}}],"collection":[{"href":"https:\/\/erlendir.akmennt.is\/index.php\/wp-json\/wp\/v2\/pages"}],"about":[{"href":"https:\/\/erlendir.akmennt.is\/index.php\/wp-json\/wp\/v2\/types\/page"}],"author":[{"embeddable":true,"href":"https:\/\/erlendir.akmennt.is\/index.php\/wp-json\/wp\/v2\/users\/2"}],"replies":[{"embeddable":true,"href":"https:\/\/erlendir.akmennt.is\/index.php\/wp-json\/wp\/v2\/comments?post=129"}],"version-history":[{"count":6,"href":"https:\/\/erlendir.akmennt.is\/index.php\/wp-json\/wp\/v2\/pages\/129\/revisions"}],"predecessor-version":[{"id":2344,"href":"https:\/\/erlendir.akmennt.is\/index.php\/wp-json\/wp\/v2\/pages\/129\/revisions\/2344"}],"wp:attachment":[{"href":"https:\/\/erlendir.akmennt.is\/index.php\/wp-json\/wp\/v2\/media?parent=129"}],"curies":[{"name":"wp","href":"https:\/\/api.w.org\/{rel}","templated":true}]}}